{"id":27321,"date":"2024-04-01T14:06:16","date_gmt":"2024-04-01T12:06:16","guid":{"rendered":"https:\/\/silviafernandez.com\/sin%20categor\u00eda\/alcazar\/"},"modified":"2025-12-03T12:24:03","modified_gmt":"2025-12-03T11:24:03","slug":"alcazar","status":"publish","type":"product","link":"https:\/\/silviafernandez.com\/fr\/vestidos-de-novia\/musas\/alcazar\/","title":{"rendered":"Alcazar"},"content":{"rendered":"","protected":false},"excerpt":{"rendered":"<p>Alcazar est l'incarnation de la distinction et de l'\u00e9l\u00e9gance. Confectionn\u00e9e en cr\u00eape, cette robe simple et sobre d\u00e9gage une sophistication intemporelle. Mais ce qui la distingue vraiment, c'est sa surjupe en brocart, qui ajoute une touche d'opulence et de majest\u00e9.<\/p>\n<p>Le contraste entre la simplicit\u00e9 du cr\u00eape et la richesse du brocart cr\u00e9e une combinaison parfaite.<\/p>","protected":false},"featured_media":27524,"template":"","meta":[],"product_brand":[],"product_cat":[866,20],"product_tag":[],"class_list":{"0":"post-27321","1":"product","2":"type-product","3":"status-publish","4":"has-post-thumbnail","6":"product_cat-musas","7":"product_cat-vestidos-de-novia","9":"first","10":"instock","11":"taxable","12":"shipping-taxable","13":"product-type-simple"},"_links":{"self":[{"href":"https:\/\/silviafernandez.com\/fr\/wp-json\/wp\/v2\/product\/27321","targetHints":{"allow":["GET"]}}],"collection":[{"href":"https:\/\/silviafernandez.com\/fr\/wp-json\/wp\/v2\/product"}],"about":[{"href":"https:\/\/silviafernandez.com\/fr\/wp-json\/wp\/v2\/types\/product"}],"wp:featuredmedia":[{"embeddable":true,"href":"https:\/\/silviafernandez.com\/fr\/wp-json\/wp\/v2\/media\/27524"}],"wp:attachment":[{"href":"https:\/\/silviafernandez.com\/fr\/wp-json\/wp\/v2\/media?parent=27321"}],"wp:term":[{"taxonomy":"product_brand","embeddable":true,"href":"https:\/\/silviafernandez.com\/fr\/wp-json\/wp\/v2\/product_brand?post=27321"},{"taxonomy":"product_cat","embeddable":true,"href":"https:\/\/silviafernandez.com\/fr\/wp-json\/wp\/v2\/product_cat?post=27321"},{"taxonomy":"product_tag","embeddable":true,"href":"https:\/\/silviafernandez.com\/fr\/wp-json\/wp\/v2\/product_tag?post=27321"}],"curies":[{"name":"wp","href":"https:\/\/api.w.org\/{rel}","templated":true}]}}