{"id":27319,"date":"2024-04-01T14:06:10","date_gmt":"2024-04-01T12:06:10","guid":{"rendered":"https:\/\/silviafernandez.com\/sin%20categor\u00eda\/aitana\/"},"modified":"2025-12-03T12:24:03","modified_gmt":"2025-12-03T11:24:03","slug":"aitana","status":"publish","type":"product","link":"https:\/\/silviafernandez.com\/fr\/vestidos-de-novia\/musas\/aitana\/","title":{"rendered":"Aitana"},"content":{"rendered":"","protected":false},"excerpt":{"rendered":"<p>Robe de mari\u00e9e en cr\u00eape et mousseline de soie brod\u00e9e de guipure. Son encolure bardot ajoute une touche de romantisme, capturant l'essence de la f\u00e9minit\u00e9 et mettant en valeur la beaut\u00e9 naturelle de chaque mari\u00e9e.<\/p>","protected":false},"featured_media":27522,"template":"","meta":[],"product_brand":[],"product_cat":[866,20],"product_tag":[],"class_list":{"0":"post-27319","1":"product","2":"type-product","3":"status-publish","4":"has-post-thumbnail","6":"product_cat-musas","7":"product_cat-vestidos-de-novia","9":"first","10":"instock","11":"taxable","12":"shipping-taxable","13":"product-type-simple"},"_links":{"self":[{"href":"https:\/\/silviafernandez.com\/fr\/wp-json\/wp\/v2\/product\/27319","targetHints":{"allow":["GET"]}}],"collection":[{"href":"https:\/\/silviafernandez.com\/fr\/wp-json\/wp\/v2\/product"}],"about":[{"href":"https:\/\/silviafernandez.com\/fr\/wp-json\/wp\/v2\/types\/product"}],"wp:featuredmedia":[{"embeddable":true,"href":"https:\/\/silviafernandez.com\/fr\/wp-json\/wp\/v2\/media\/27522"}],"wp:attachment":[{"href":"https:\/\/silviafernandez.com\/fr\/wp-json\/wp\/v2\/media?parent=27319"}],"wp:term":[{"taxonomy":"product_brand","embeddable":true,"href":"https:\/\/silviafernandez.com\/fr\/wp-json\/wp\/v2\/product_brand?post=27319"},{"taxonomy":"product_cat","embeddable":true,"href":"https:\/\/silviafernandez.com\/fr\/wp-json\/wp\/v2\/product_cat?post=27319"},{"taxonomy":"product_tag","embeddable":true,"href":"https:\/\/silviafernandez.com\/fr\/wp-json\/wp\/v2\/product_tag?post=27319"}],"curies":[{"name":"wp","href":"https:\/\/api.w.org\/{rel}","templated":true}]}}