{"id":27318,"date":"2024-04-01T14:06:07","date_gmt":"2024-04-01T12:06:07","guid":{"rendered":"https:\/\/silviafernandez.com\/sin%20categor\u00eda\/aida\/"},"modified":"2025-12-03T12:24:03","modified_gmt":"2025-12-03T11:24:03","slug":"aida","status":"publish","type":"product","link":"https:\/\/silviafernandez.com\/fr\/vestidos-de-novia\/musas\/aida\/","title":{"rendered":"Aida"},"content":{"rendered":"","protected":false},"excerpt":{"rendered":"<p>La robe de mari\u00e9e Aida red\u00e9finit la polyvalence pour la mari\u00e9e moderne. Avec deux looks en un, elle est le choix parfait pour celles qui recherchent style et confort pour leur grand jour. Avec son manteau en cr\u00eape fin et son dos nu, vous obtenez un premier look sophistiqu\u00e9 et \u00e9l\u00e9gant. Mais en enlevant le manteau, vous d\u00e9voilez un look confortable, moderne et sexy qui vous permettra de danser et de profiter pleinement de votre mariage.<\/p>","protected":false},"featured_media":27521,"template":"","meta":[],"product_brand":[],"product_cat":[866,20],"product_tag":[],"class_list":{"0":"post-27318","1":"product","2":"type-product","3":"status-publish","4":"has-post-thumbnail","6":"product_cat-musas","7":"product_cat-vestidos-de-novia","9":"first","10":"instock","11":"taxable","12":"shipping-taxable","13":"product-type-simple"},"_links":{"self":[{"href":"https:\/\/silviafernandez.com\/fr\/wp-json\/wp\/v2\/product\/27318","targetHints":{"allow":["GET"]}}],"collection":[{"href":"https:\/\/silviafernandez.com\/fr\/wp-json\/wp\/v2\/product"}],"about":[{"href":"https:\/\/silviafernandez.com\/fr\/wp-json\/wp\/v2\/types\/product"}],"wp:featuredmedia":[{"embeddable":true,"href":"https:\/\/silviafernandez.com\/fr\/wp-json\/wp\/v2\/media\/27521"}],"wp:attachment":[{"href":"https:\/\/silviafernandez.com\/fr\/wp-json\/wp\/v2\/media?parent=27318"}],"wp:term":[{"taxonomy":"product_brand","embeddable":true,"href":"https:\/\/silviafernandez.com\/fr\/wp-json\/wp\/v2\/product_brand?post=27318"},{"taxonomy":"product_cat","embeddable":true,"href":"https:\/\/silviafernandez.com\/fr\/wp-json\/wp\/v2\/product_cat?post=27318"},{"taxonomy":"product_tag","embeddable":true,"href":"https:\/\/silviafernandez.com\/fr\/wp-json\/wp\/v2\/product_tag?post=27318"}],"curies":[{"name":"wp","href":"https:\/\/api.w.org\/{rel}","templated":true}]}}