{"id":27315,"date":"2024-04-01T14:05:57","date_gmt":"2024-04-01T12:05:57","guid":{"rendered":"https:\/\/silviafernandez.com\/sin%20categor\u00eda\/ada\/"},"modified":"2025-12-03T12:24:04","modified_gmt":"2025-12-03T11:24:04","slug":"ada","status":"publish","type":"product","link":"https:\/\/silviafernandez.com\/fr\/vestidos-de-novia\/musas\/ada\/","title":{"rendered":"Ada"},"content":{"rendered":"","protected":false},"excerpt":{"rendered":"<p>Une robe de mari\u00e9e qui allie l'\u00e9l\u00e9gance du cr\u00eape fin \u00e0 la l\u00e9g\u00e8ret\u00e9 de la mousseline de soie et \u00e0 des ourlets d\u00e9licats. Cette robe est le choix id\u00e9al pour les mari\u00e9es classiques qui recherchent un look raffin\u00e9 et intemporel pour leur grand jour.<\/p>","protected":false},"featured_media":27518,"template":"","meta":[],"product_brand":[],"product_cat":[866,20],"product_tag":[],"class_list":{"0":"post-27315","1":"product","2":"type-product","3":"status-publish","4":"has-post-thumbnail","6":"product_cat-musas","7":"product_cat-vestidos-de-novia","9":"first","10":"instock","11":"taxable","12":"shipping-taxable","13":"product-type-simple"},"_links":{"self":[{"href":"https:\/\/silviafernandez.com\/fr\/wp-json\/wp\/v2\/product\/27315","targetHints":{"allow":["GET"]}}],"collection":[{"href":"https:\/\/silviafernandez.com\/fr\/wp-json\/wp\/v2\/product"}],"about":[{"href":"https:\/\/silviafernandez.com\/fr\/wp-json\/wp\/v2\/types\/product"}],"wp:featuredmedia":[{"embeddable":true,"href":"https:\/\/silviafernandez.com\/fr\/wp-json\/wp\/v2\/media\/27518"}],"wp:attachment":[{"href":"https:\/\/silviafernandez.com\/fr\/wp-json\/wp\/v2\/media?parent=27315"}],"wp:term":[{"taxonomy":"product_brand","embeddable":true,"href":"https:\/\/silviafernandez.com\/fr\/wp-json\/wp\/v2\/product_brand?post=27315"},{"taxonomy":"product_cat","embeddable":true,"href":"https:\/\/silviafernandez.com\/fr\/wp-json\/wp\/v2\/product_cat?post=27315"},{"taxonomy":"product_tag","embeddable":true,"href":"https:\/\/silviafernandez.com\/fr\/wp-json\/wp\/v2\/product_tag?post=27315"}],"curies":[{"name":"wp","href":"https:\/\/api.w.org\/{rel}","templated":true}]}}