{"id":26981,"date":"2024-02-18T18:20:06","date_gmt":"2024-02-18T17:20:06","guid":{"rendered":"https:\/\/silviafernandez.com\/?post_type=product&#038;p=26981"},"modified":"2025-12-03T18:04:07","modified_gmt":"2025-12-03T17:04:07","slug":"bella","status":"publish","type":"product","link":"https:\/\/silviafernandez.com\/fr\/vestidos-de-fiesta\/bella\/","title":{"rendered":"Bella"},"content":{"rendered":"","protected":false},"excerpt":{"rendered":"<p>Mod\u00e8le r\u00e9alis\u00e9 avec un m\u00e9lange de cr\u00eape et de taffetas, deux tissus embl\u00e9matiques de notre maison.<\/p>\n<div dir=\"ltr\">\n<div>\n<p>Il s'agit d'un mod\u00e8le long et pr\u00e8s du corps, avec une encolure sans bretelles et un ourlet \u00e9vas\u00e9, termin\u00e9 par une tra\u00eene.<\/p>\n<p>Il est \u00e9galement orn\u00e9 de franges sur les manches amovibles, une touche tr\u00e8s espagnole qui refl\u00e8te l'essence de cette nouvelle collection, qui promet un style tr\u00e8s flamenco.<\/p>\n<\/div>\n<\/div>","protected":false},"featured_media":27054,"template":"","meta":[],"product_brand":[],"product_cat":[139],"product_tag":[],"class_list":{"0":"post-26981","1":"product","2":"type-product","3":"status-publish","4":"has-post-thumbnail","6":"product_cat-vestidos-de-fiesta","8":"first","9":"instock","10":"taxable","11":"shipping-taxable","12":"purchasable","13":"product-type-variable"},"_links":{"self":[{"href":"https:\/\/silviafernandez.com\/fr\/wp-json\/wp\/v2\/product\/26981","targetHints":{"allow":["GET"]}}],"collection":[{"href":"https:\/\/silviafernandez.com\/fr\/wp-json\/wp\/v2\/product"}],"about":[{"href":"https:\/\/silviafernandez.com\/fr\/wp-json\/wp\/v2\/types\/product"}],"wp:featuredmedia":[{"embeddable":true,"href":"https:\/\/silviafernandez.com\/fr\/wp-json\/wp\/v2\/media\/27054"}],"wp:attachment":[{"href":"https:\/\/silviafernandez.com\/fr\/wp-json\/wp\/v2\/media?parent=26981"}],"wp:term":[{"taxonomy":"product_brand","embeddable":true,"href":"https:\/\/silviafernandez.com\/fr\/wp-json\/wp\/v2\/product_brand?post=26981"},{"taxonomy":"product_cat","embeddable":true,"href":"https:\/\/silviafernandez.com\/fr\/wp-json\/wp\/v2\/product_cat?post=26981"},{"taxonomy":"product_tag","embeddable":true,"href":"https:\/\/silviafernandez.com\/fr\/wp-json\/wp\/v2\/product_tag?post=26981"}],"curies":[{"name":"wp","href":"https:\/\/api.w.org\/{rel}","templated":true}]}}