{"id":25505,"date":"2024-02-05T15:27:56","date_gmt":"2024-02-05T14:27:56","guid":{"rendered":"https:\/\/silviafernandez.com\/sin%20categor\u00eda\/naty-2\/"},"modified":"2025-12-03T12:24:04","modified_gmt":"2025-12-03T11:24:04","slug":"naty-2","status":"publish","type":"product","link":"https:\/\/silviafernandez.com\/fr\/camelia\/naty-2\/","title":{"rendered":"Naty"},"content":{"rendered":"","protected":false},"excerpt":{"rendered":"<p>Robe en cr\u00eape avec d\u00e9coupe et fleur \u00e0 la taille. La robe de soir\u00e9e par excellence des ann\u00e9es 2023 est de retour cette saison pour les invit\u00e9es les plus \u00e9l\u00e9gantes et les plus sophistiqu\u00e9es.<\/p>","protected":false},"featured_media":25507,"template":"","meta":[],"product_brand":[],"product_cat":[810],"product_tag":[],"class_list":{"0":"post-25505","1":"product","2":"type-product","3":"status-publish","4":"has-post-thumbnail","6":"product_cat-camelia","8":"first","9":"instock","10":"taxable","11":"shipping-taxable","12":"purchasable","13":"product-type-variable","14":"has-default-attributes"},"_links":{"self":[{"href":"https:\/\/silviafernandez.com\/fr\/wp-json\/wp\/v2\/product\/25505","targetHints":{"allow":["GET"]}}],"collection":[{"href":"https:\/\/silviafernandez.com\/fr\/wp-json\/wp\/v2\/product"}],"about":[{"href":"https:\/\/silviafernandez.com\/fr\/wp-json\/wp\/v2\/types\/product"}],"wp:featuredmedia":[{"embeddable":true,"href":"https:\/\/silviafernandez.com\/fr\/wp-json\/wp\/v2\/media\/25507"}],"wp:attachment":[{"href":"https:\/\/silviafernandez.com\/fr\/wp-json\/wp\/v2\/media?parent=25505"}],"wp:term":[{"taxonomy":"product_brand","embeddable":true,"href":"https:\/\/silviafernandez.com\/fr\/wp-json\/wp\/v2\/product_brand?post=25505"},{"taxonomy":"product_cat","embeddable":true,"href":"https:\/\/silviafernandez.com\/fr\/wp-json\/wp\/v2\/product_cat?post=25505"},{"taxonomy":"product_tag","embeddable":true,"href":"https:\/\/silviafernandez.com\/fr\/wp-json\/wp\/v2\/product_tag?post=25505"}],"curies":[{"name":"wp","href":"https:\/\/api.w.org\/{rel}","templated":true}]}}