{"id":25502,"date":"2024-02-05T15:27:39","date_gmt":"2024-02-05T14:27:39","guid":{"rendered":"https:\/\/silviafernandez.com\/sin%20categor\u00eda\/rebeca\/"},"modified":"2025-12-03T12:24:04","modified_gmt":"2025-12-03T11:24:04","slug":"rebeca","status":"publish","type":"product","link":"https:\/\/silviafernandez.com\/fr\/camelia\/rebeca\/","title":{"rendered":"Rebeca"},"content":{"rendered":"","protected":false},"excerpt":{"rendered":"<p>Robe de soir\u00e9e en maille qui se distingue par ses plumes sur les \u00e9paules et son impressionnant d\u00e9collet\u00e9 dans le dos. Une option \u00e9l\u00e9gante et flatteuse.<\/p>","protected":false},"featured_media":25736,"template":"","meta":[],"product_brand":[],"product_cat":[810],"product_tag":[],"class_list":{"0":"post-25502","1":"product","2":"type-product","3":"status-publish","4":"has-post-thumbnail","6":"product_cat-camelia","8":"first","9":"instock","10":"taxable","11":"shipping-taxable","12":"purchasable","13":"product-type-variable","14":"has-default-attributes"},"_links":{"self":[{"href":"https:\/\/silviafernandez.com\/fr\/wp-json\/wp\/v2\/product\/25502","targetHints":{"allow":["GET"]}}],"collection":[{"href":"https:\/\/silviafernandez.com\/fr\/wp-json\/wp\/v2\/product"}],"about":[{"href":"https:\/\/silviafernandez.com\/fr\/wp-json\/wp\/v2\/types\/product"}],"wp:featuredmedia":[{"embeddable":true,"href":"https:\/\/silviafernandez.com\/fr\/wp-json\/wp\/v2\/media\/25736"}],"wp:attachment":[{"href":"https:\/\/silviafernandez.com\/fr\/wp-json\/wp\/v2\/media?parent=25502"}],"wp:term":[{"taxonomy":"product_brand","embeddable":true,"href":"https:\/\/silviafernandez.com\/fr\/wp-json\/wp\/v2\/product_brand?post=25502"},{"taxonomy":"product_cat","embeddable":true,"href":"https:\/\/silviafernandez.com\/fr\/wp-json\/wp\/v2\/product_cat?post=25502"},{"taxonomy":"product_tag","embeddable":true,"href":"https:\/\/silviafernandez.com\/fr\/wp-json\/wp\/v2\/product_tag?post=25502"}],"curies":[{"name":"wp","href":"https:\/\/api.w.org\/{rel}","templated":true}]}}