{"id":25498,"date":"2024-02-05T15:27:16","date_gmt":"2024-02-05T14:27:16","guid":{"rendered":"https:\/\/silviafernandez.com\/sin%20categor\u00eda\/irene\/"},"modified":"2025-12-03T12:24:05","modified_gmt":"2025-12-03T11:24:05","slug":"irene","status":"publish","type":"product","link":"https:\/\/silviafernandez.com\/fr\/camelia\/irene\/","title":{"rendered":"Irene"},"content":{"rendered":"","protected":false},"excerpt":{"rendered":"<p>Robe de soir\u00e9e mikado avec maxi d\u00e9tails en dentelle et volants. Associ\u00e9e \u00e0 sa jupe, elle apporte une touche de sophistication.<\/p>","protected":false},"featured_media":26189,"template":"","meta":[],"product_brand":[],"product_cat":[810],"product_tag":[],"class_list":{"0":"post-25498","1":"product","2":"type-product","3":"status-publish","4":"has-post-thumbnail","6":"product_cat-camelia","8":"first","9":"instock","10":"taxable","11":"shipping-taxable","12":"purchasable","13":"product-type-variable","14":"has-default-attributes"},"_links":{"self":[{"href":"https:\/\/silviafernandez.com\/fr\/wp-json\/wp\/v2\/product\/25498","targetHints":{"allow":["GET"]}}],"collection":[{"href":"https:\/\/silviafernandez.com\/fr\/wp-json\/wp\/v2\/product"}],"about":[{"href":"https:\/\/silviafernandez.com\/fr\/wp-json\/wp\/v2\/types\/product"}],"wp:featuredmedia":[{"embeddable":true,"href":"https:\/\/silviafernandez.com\/fr\/wp-json\/wp\/v2\/media\/26189"}],"wp:attachment":[{"href":"https:\/\/silviafernandez.com\/fr\/wp-json\/wp\/v2\/media?parent=25498"}],"wp:term":[{"taxonomy":"product_brand","embeddable":true,"href":"https:\/\/silviafernandez.com\/fr\/wp-json\/wp\/v2\/product_brand?post=25498"},{"taxonomy":"product_cat","embeddable":true,"href":"https:\/\/silviafernandez.com\/fr\/wp-json\/wp\/v2\/product_cat?post=25498"},{"taxonomy":"product_tag","embeddable":true,"href":"https:\/\/silviafernandez.com\/fr\/wp-json\/wp\/v2\/product_tag?post=25498"}],"curies":[{"name":"wp","href":"https:\/\/api.w.org\/{rel}","templated":true}]}}