{"id":25495,"date":"2024-02-05T15:26:50","date_gmt":"2024-02-05T14:26:50","guid":{"rendered":"https:\/\/silviafernandez.com\/sin%20categor\u00eda\/uxia\/"},"modified":"2025-12-03T12:24:05","modified_gmt":"2025-12-03T11:24:05","slug":"uxia","status":"publish","type":"product","link":"https:\/\/silviafernandez.com\/fr\/camelia\/uxia\/","title":{"rendered":"Uxia"},"content":{"rendered":"","protected":false},"excerpt":{"rendered":"<p>Mini robe de soir\u00e9e asym\u00e9trique. Elle se distingue par son maxi n\u0153ud sur l'\u00e9paule et le tomb\u00e9 lat\u00e9ral, qui lui conf\u00e8re une touche d'\u00e9l\u00e9gance unique.<\/p>","protected":false},"featured_media":26256,"template":"","meta":[],"product_brand":[],"product_cat":[810],"product_tag":[],"class_list":{"0":"post-25495","1":"product","2":"type-product","3":"status-publish","4":"has-post-thumbnail","6":"product_cat-camelia","8":"first","9":"instock","10":"taxable","11":"shipping-taxable","12":"purchasable","13":"product-type-variable","14":"has-default-attributes"},"_links":{"self":[{"href":"https:\/\/silviafernandez.com\/fr\/wp-json\/wp\/v2\/product\/25495","targetHints":{"allow":["GET"]}}],"collection":[{"href":"https:\/\/silviafernandez.com\/fr\/wp-json\/wp\/v2\/product"}],"about":[{"href":"https:\/\/silviafernandez.com\/fr\/wp-json\/wp\/v2\/types\/product"}],"wp:featuredmedia":[{"embeddable":true,"href":"https:\/\/silviafernandez.com\/fr\/wp-json\/wp\/v2\/media\/26256"}],"wp:attachment":[{"href":"https:\/\/silviafernandez.com\/fr\/wp-json\/wp\/v2\/media?parent=25495"}],"wp:term":[{"taxonomy":"product_brand","embeddable":true,"href":"https:\/\/silviafernandez.com\/fr\/wp-json\/wp\/v2\/product_brand?post=25495"},{"taxonomy":"product_cat","embeddable":true,"href":"https:\/\/silviafernandez.com\/fr\/wp-json\/wp\/v2\/product_cat?post=25495"},{"taxonomy":"product_tag","embeddable":true,"href":"https:\/\/silviafernandez.com\/fr\/wp-json\/wp\/v2\/product_tag?post=25495"}],"curies":[{"name":"wp","href":"https:\/\/api.w.org\/{rel}","templated":true}]}}