{"id":25491,"date":"2024-02-05T15:26:09","date_gmt":"2024-02-05T14:26:09","guid":{"rendered":"https:\/\/silviafernandez.com\/sin%20categor\u00eda\/paloma-2\/"},"modified":"2025-12-03T12:24:05","modified_gmt":"2025-12-03T11:24:05","slug":"paloma-2","status":"publish","type":"product","link":"https:\/\/silviafernandez.com\/fr\/camelia\/paloma-2\/","title":{"rendered":"Paloma"},"content":{"rendered":"","protected":false},"excerpt":{"rendered":"<p>Robe de soir\u00e9e midi. Sa caract\u00e9ristique la plus remarquable est la partie inf\u00e9rieure orn\u00e9e de plumes, qui ajoute une touche de glamour, et le ch\u00e2le vous permet de compl\u00e9ter le look avec style et \u00e9l\u00e9gance.<\/p>","protected":false},"featured_media":26496,"template":"","meta":[],"product_brand":[],"product_cat":[810],"product_tag":[],"class_list":{"0":"post-25491","1":"product","2":"type-product","3":"status-publish","4":"has-post-thumbnail","6":"product_cat-camelia","8":"first","9":"instock","10":"taxable","11":"shipping-taxable","12":"purchasable","13":"product-type-variable","14":"has-default-attributes"},"_links":{"self":[{"href":"https:\/\/silviafernandez.com\/fr\/wp-json\/wp\/v2\/product\/25491","targetHints":{"allow":["GET"]}}],"collection":[{"href":"https:\/\/silviafernandez.com\/fr\/wp-json\/wp\/v2\/product"}],"about":[{"href":"https:\/\/silviafernandez.com\/fr\/wp-json\/wp\/v2\/types\/product"}],"wp:featuredmedia":[{"embeddable":true,"href":"https:\/\/silviafernandez.com\/fr\/wp-json\/wp\/v2\/media\/26496"}],"wp:attachment":[{"href":"https:\/\/silviafernandez.com\/fr\/wp-json\/wp\/v2\/media?parent=25491"}],"wp:term":[{"taxonomy":"product_brand","embeddable":true,"href":"https:\/\/silviafernandez.com\/fr\/wp-json\/wp\/v2\/product_brand?post=25491"},{"taxonomy":"product_cat","embeddable":true,"href":"https:\/\/silviafernandez.com\/fr\/wp-json\/wp\/v2\/product_cat?post=25491"},{"taxonomy":"product_tag","embeddable":true,"href":"https:\/\/silviafernandez.com\/fr\/wp-json\/wp\/v2\/product_tag?post=25491"}],"curies":[{"name":"wp","href":"https:\/\/api.w.org\/{rel}","templated":true}]}}