{"id":25478,"date":"2024-02-05T15:24:58","date_gmt":"2024-02-05T14:24:58","guid":{"rendered":"https:\/\/silviafernandez.com\/sin%20categor\u00eda\/ana\/"},"modified":"2025-12-03T12:24:05","modified_gmt":"2025-12-03T11:24:05","slug":"ana","status":"publish","type":"product","link":"https:\/\/silviafernandez.com\/fr\/camelia\/ana\/","title":{"rendered":"Ana"},"content":{"rendered":"","protected":false},"excerpt":{"rendered":"<p>Robe de soir\u00e9e midi en cr\u00eape qui se distingue par ses d\u00e9coupes, ses n\u0153uds et ses bretelles. Avec l'ajout du bol\u00e9ro en taffetas, elle sera l'option id\u00e9ale pour ajouter une touche de sophistication \u00e0 votre look.<\/p>","protected":false},"featured_media":26229,"template":"","meta":[],"product_brand":[],"product_cat":[810],"product_tag":[],"class_list":{"0":"post-25478","1":"product","2":"type-product","3":"status-publish","4":"has-post-thumbnail","6":"product_cat-camelia","8":"first","9":"instock","10":"taxable","11":"shipping-taxable","12":"purchasable","13":"product-type-variable","14":"has-default-attributes"},"_links":{"self":[{"href":"https:\/\/silviafernandez.com\/fr\/wp-json\/wp\/v2\/product\/25478","targetHints":{"allow":["GET"]}}],"collection":[{"href":"https:\/\/silviafernandez.com\/fr\/wp-json\/wp\/v2\/product"}],"about":[{"href":"https:\/\/silviafernandez.com\/fr\/wp-json\/wp\/v2\/types\/product"}],"wp:featuredmedia":[{"embeddable":true,"href":"https:\/\/silviafernandez.com\/fr\/wp-json\/wp\/v2\/media\/26229"}],"wp:attachment":[{"href":"https:\/\/silviafernandez.com\/fr\/wp-json\/wp\/v2\/media?parent=25478"}],"wp:term":[{"taxonomy":"product_brand","embeddable":true,"href":"https:\/\/silviafernandez.com\/fr\/wp-json\/wp\/v2\/product_brand?post=25478"},{"taxonomy":"product_cat","embeddable":true,"href":"https:\/\/silviafernandez.com\/fr\/wp-json\/wp\/v2\/product_cat?post=25478"},{"taxonomy":"product_tag","embeddable":true,"href":"https:\/\/silviafernandez.com\/fr\/wp-json\/wp\/v2\/product_tag?post=25478"}],"curies":[{"name":"wp","href":"https:\/\/api.w.org\/{rel}","templated":true}]}}