{"id":25472,"date":"2024-02-05T15:23:51","date_gmt":"2024-02-05T14:23:51","guid":{"rendered":"https:\/\/silviafernandez.com\/sin%20categor\u00eda\/almudena\/"},"modified":"2025-12-03T12:24:06","modified_gmt":"2025-12-03T11:24:06","slug":"almudena","status":"publish","type":"product","link":"https:\/\/silviafernandez.com\/fr\/camelia\/almudena\/","title":{"rendered":"Almudena"},"content":{"rendered":"","protected":false},"excerpt":{"rendered":"<p>Ensemble invit\u00e9 compos\u00e9 d'un haut et d'un pantalon avec n\u0153ud et chutes. Accompagn\u00e9 d'une veste unique avec des volants sur les \u00e9paules, il devient la tenue la plus polyvalente, \u00e9l\u00e9gante et sophistiqu\u00e9e.<\/p>","protected":false},"featured_media":26143,"template":"","meta":[],"product_brand":[],"product_cat":[810],"product_tag":[],"class_list":{"0":"post-25472","1":"product","2":"type-product","3":"status-publish","4":"has-post-thumbnail","6":"product_cat-camelia","8":"first","9":"instock","10":"taxable","11":"shipping-taxable","12":"purchasable","13":"product-type-variable","14":"has-default-attributes"},"_links":{"self":[{"href":"https:\/\/silviafernandez.com\/fr\/wp-json\/wp\/v2\/product\/25472","targetHints":{"allow":["GET"]}}],"collection":[{"href":"https:\/\/silviafernandez.com\/fr\/wp-json\/wp\/v2\/product"}],"about":[{"href":"https:\/\/silviafernandez.com\/fr\/wp-json\/wp\/v2\/types\/product"}],"wp:featuredmedia":[{"embeddable":true,"href":"https:\/\/silviafernandez.com\/fr\/wp-json\/wp\/v2\/media\/26143"}],"wp:attachment":[{"href":"https:\/\/silviafernandez.com\/fr\/wp-json\/wp\/v2\/media?parent=25472"}],"wp:term":[{"taxonomy":"product_brand","embeddable":true,"href":"https:\/\/silviafernandez.com\/fr\/wp-json\/wp\/v2\/product_brand?post=25472"},{"taxonomy":"product_cat","embeddable":true,"href":"https:\/\/silviafernandez.com\/fr\/wp-json\/wp\/v2\/product_cat?post=25472"},{"taxonomy":"product_tag","embeddable":true,"href":"https:\/\/silviafernandez.com\/fr\/wp-json\/wp\/v2\/product_tag?post=25472"}],"curies":[{"name":"wp","href":"https:\/\/api.w.org\/{rel}","templated":true}]}}