{"id":25466,"date":"2024-02-05T15:22:47","date_gmt":"2024-02-05T14:22:47","guid":{"rendered":"https:\/\/silviafernandez.com\/sin%20categor\u00eda\/ali\/"},"modified":"2025-12-03T12:24:06","modified_gmt":"2025-12-03T11:24:06","slug":"ali","status":"publish","type":"product","link":"https:\/\/silviafernandez.com\/fr\/camelia\/ali\/","title":{"rendered":"Ali"},"content":{"rendered":"","protected":false},"excerpt":{"rendered":"<p>Robe de soir\u00e9e midi en cr\u00eape qui se distingue par son corps drap\u00e9 en georgette, sa fente lat\u00e9rale qui ajoute une touche de sensualit\u00e9 et son n\u0153ud marquant dans le dos.<\/p>","protected":false},"featured_media":25773,"template":"","meta":[],"product_brand":[],"product_cat":[810],"product_tag":[],"class_list":{"0":"post-25466","1":"product","2":"type-product","3":"status-publish","4":"has-post-thumbnail","6":"product_cat-camelia","8":"first","9":"instock","10":"taxable","11":"shipping-taxable","12":"purchasable","13":"product-type-variable","14":"has-default-attributes"},"_links":{"self":[{"href":"https:\/\/silviafernandez.com\/fr\/wp-json\/wp\/v2\/product\/25466","targetHints":{"allow":["GET"]}}],"collection":[{"href":"https:\/\/silviafernandez.com\/fr\/wp-json\/wp\/v2\/product"}],"about":[{"href":"https:\/\/silviafernandez.com\/fr\/wp-json\/wp\/v2\/types\/product"}],"wp:featuredmedia":[{"embeddable":true,"href":"https:\/\/silviafernandez.com\/fr\/wp-json\/wp\/v2\/media\/25773"}],"wp:attachment":[{"href":"https:\/\/silviafernandez.com\/fr\/wp-json\/wp\/v2\/media?parent=25466"}],"wp:term":[{"taxonomy":"product_brand","embeddable":true,"href":"https:\/\/silviafernandez.com\/fr\/wp-json\/wp\/v2\/product_brand?post=25466"},{"taxonomy":"product_cat","embeddable":true,"href":"https:\/\/silviafernandez.com\/fr\/wp-json\/wp\/v2\/product_cat?post=25466"},{"taxonomy":"product_tag","embeddable":true,"href":"https:\/\/silviafernandez.com\/fr\/wp-json\/wp\/v2\/product_tag?post=25466"}],"curies":[{"name":"wp","href":"https:\/\/api.w.org\/{rel}","templated":true}]}}