{"id":24360,"date":"2023-12-01T14:25:29","date_gmt":"2023-12-01T13:25:29","guid":{"rendered":"https:\/\/silviafernandez.com\/?post_type=product&#038;p=24360"},"modified":"2025-12-03T12:24:06","modified_gmt":"2025-12-03T11:24:06","slug":"puerto","status":"publish","type":"product","link":"https:\/\/silviafernandez.com\/fr\/vestidos-de-fiesta\/puerto\/","title":{"rendered":"Puerto"},"content":{"rendered":"<p>Vestido crepe con fajin y lazo de tafeta<\/p>","protected":false},"excerpt":{"rendered":"<p>\u00c9blouissante robe longue d'invit\u00e9e en cr\u00eape. Les manches uniques et la ceinture \u00e0 n\u0153uds en taffetas sont les d\u00e9tails caract\u00e9ristiques de ce mod\u00e8le \u00e9l\u00e9gant. Dot\u00e9e d'un d\u00e9collet\u00e9 en V sur le devant et dans le dos, cette robe offre un style raffin\u00e9 et polyvalent pour cet \u00e9v\u00e9nement sp\u00e9cial.<\/p>","protected":false},"featured_media":24372,"template":"","meta":[],"product_brand":[],"product_cat":[139],"product_tag":[],"class_list":{"0":"post-24360","1":"product","2":"type-product","3":"status-publish","4":"has-post-thumbnail","6":"product_cat-vestidos-de-fiesta","8":"first","9":"instock","10":"taxable","11":"shipping-taxable","12":"purchasable","13":"product-type-variable"},"_links":{"self":[{"href":"https:\/\/silviafernandez.com\/fr\/wp-json\/wp\/v2\/product\/24360","targetHints":{"allow":["GET"]}}],"collection":[{"href":"https:\/\/silviafernandez.com\/fr\/wp-json\/wp\/v2\/product"}],"about":[{"href":"https:\/\/silviafernandez.com\/fr\/wp-json\/wp\/v2\/types\/product"}],"wp:featuredmedia":[{"embeddable":true,"href":"https:\/\/silviafernandez.com\/fr\/wp-json\/wp\/v2\/media\/24372"}],"wp:attachment":[{"href":"https:\/\/silviafernandez.com\/fr\/wp-json\/wp\/v2\/media?parent=24360"}],"wp:term":[{"taxonomy":"product_brand","embeddable":true,"href":"https:\/\/silviafernandez.com\/fr\/wp-json\/wp\/v2\/product_brand?post=24360"},{"taxonomy":"product_cat","embeddable":true,"href":"https:\/\/silviafernandez.com\/fr\/wp-json\/wp\/v2\/product_cat?post=24360"},{"taxonomy":"product_tag","embeddable":true,"href":"https:\/\/silviafernandez.com\/fr\/wp-json\/wp\/v2\/product_tag?post=24360"}],"curies":[{"name":"wp","href":"https:\/\/api.w.org\/{rel}","templated":true}]}}