{"id":24344,"date":"2023-12-01T14:17:45","date_gmt":"2023-12-01T13:17:45","guid":{"rendered":"https:\/\/silviafernandez.com\/?post_type=product&#038;p=24344"},"modified":"2025-12-03T12:24:06","modified_gmt":"2025-12-03T11:24:06","slug":"promesa","status":"publish","type":"product","link":"https:\/\/silviafernandez.com\/fr\/vestidos-de-fiesta\/promesa\/","title":{"rendered":"Promesa"},"content":{"rendered":"<p>Vestido crepe con flores de organza en hombro<\/p>","protected":false},"excerpt":{"rendered":"<p>Robe de soir\u00e9e longue, orn\u00e9e d'une \u00e9l\u00e9gante ceinture et de d\u00e9licats d\u00e9tails floraux en organza. L'encolure souligne \u00e9l\u00e9gamment les \u00e9paules et le mod\u00e8le \u00e9pouse le corps comme un gant, offrant un look id\u00e9al pour les invit\u00e9s les plus \u00e9l\u00e9gants.<\/p>","protected":false},"featured_media":24354,"template":"","meta":[],"product_brand":[],"product_cat":[139],"product_tag":[],"class_list":{"0":"post-24344","1":"product","2":"type-product","3":"status-publish","4":"has-post-thumbnail","6":"product_cat-vestidos-de-fiesta","8":"first","9":"instock","10":"taxable","11":"shipping-taxable","12":"purchasable","13":"product-type-variable"},"_links":{"self":[{"href":"https:\/\/silviafernandez.com\/fr\/wp-json\/wp\/v2\/product\/24344","targetHints":{"allow":["GET"]}}],"collection":[{"href":"https:\/\/silviafernandez.com\/fr\/wp-json\/wp\/v2\/product"}],"about":[{"href":"https:\/\/silviafernandez.com\/fr\/wp-json\/wp\/v2\/types\/product"}],"wp:featuredmedia":[{"embeddable":true,"href":"https:\/\/silviafernandez.com\/fr\/wp-json\/wp\/v2\/media\/24354"}],"wp:attachment":[{"href":"https:\/\/silviafernandez.com\/fr\/wp-json\/wp\/v2\/media?parent=24344"}],"wp:term":[{"taxonomy":"product_brand","embeddable":true,"href":"https:\/\/silviafernandez.com\/fr\/wp-json\/wp\/v2\/product_brand?post=24344"},{"taxonomy":"product_cat","embeddable":true,"href":"https:\/\/silviafernandez.com\/fr\/wp-json\/wp\/v2\/product_cat?post=24344"},{"taxonomy":"product_tag","embeddable":true,"href":"https:\/\/silviafernandez.com\/fr\/wp-json\/wp\/v2\/product_tag?post=24344"}],"curies":[{"name":"wp","href":"https:\/\/api.w.org\/{rel}","templated":true}]}}