{"id":24313,"date":"2023-12-01T14:12:37","date_gmt":"2023-12-01T13:12:37","guid":{"rendered":"https:\/\/silviafernandez.com\/?post_type=product&#038;p=24313"},"modified":"2025-12-03T12:24:06","modified_gmt":"2025-12-03T11:24:06","slug":"princesa","status":"publish","type":"product","link":"https:\/\/silviafernandez.com\/fr\/vestidos-de-fiesta\/princesa\/","title":{"rendered":"Princesa"},"content":{"rendered":"<p>Vestido crepe con drapeado y mangas saten<\/p>","protected":false},"excerpt":{"rendered":"<p>Princesa est une longue robe de soir\u00e9e en cr\u00eape, rehauss\u00e9e d'un drap\u00e9 exquis et de manches en satin. Dot\u00e9e de manches bouffantes, de plis lat\u00e9raux et d'une \u00e9l\u00e9gante encolure en V, cette robe s'harmonise parfaitement avec la couleur rouge qui la caract\u00e9rise. Fid\u00e8le \u00e0 son nom, cette robe d'invit\u00e9e vous donnera l'impression d'\u00eatre une princesse lors de tout \u00e9v\u00e9nement.<\/p>","protected":false},"featured_media":24332,"template":"","meta":[],"product_brand":[],"product_cat":[139],"product_tag":[],"class_list":{"0":"post-24313","1":"product","2":"type-product","3":"status-publish","4":"has-post-thumbnail","6":"product_cat-vestidos-de-fiesta","8":"first","9":"instock","10":"taxable","11":"shipping-taxable","12":"purchasable","13":"product-type-variable"},"_links":{"self":[{"href":"https:\/\/silviafernandez.com\/fr\/wp-json\/wp\/v2\/product\/24313","targetHints":{"allow":["GET"]}}],"collection":[{"href":"https:\/\/silviafernandez.com\/fr\/wp-json\/wp\/v2\/product"}],"about":[{"href":"https:\/\/silviafernandez.com\/fr\/wp-json\/wp\/v2\/types\/product"}],"wp:featuredmedia":[{"embeddable":true,"href":"https:\/\/silviafernandez.com\/fr\/wp-json\/wp\/v2\/media\/24332"}],"wp:attachment":[{"href":"https:\/\/silviafernandez.com\/fr\/wp-json\/wp\/v2\/media?parent=24313"}],"wp:term":[{"taxonomy":"product_brand","embeddable":true,"href":"https:\/\/silviafernandez.com\/fr\/wp-json\/wp\/v2\/product_brand?post=24313"},{"taxonomy":"product_cat","embeddable":true,"href":"https:\/\/silviafernandez.com\/fr\/wp-json\/wp\/v2\/product_cat?post=24313"},{"taxonomy":"product_tag","embeddable":true,"href":"https:\/\/silviafernandez.com\/fr\/wp-json\/wp\/v2\/product_tag?post=24313"}],"curies":[{"name":"wp","href":"https:\/\/api.w.org\/{rel}","templated":true}]}}