{"id":24274,"date":"2023-12-01T14:07:26","date_gmt":"2023-12-01T13:07:26","guid":{"rendered":"https:\/\/silviafernandez.com\/?post_type=product&#038;p=24274"},"modified":"2025-12-03T12:24:06","modified_gmt":"2025-12-03T11:24:06","slug":"primavera","status":"publish","type":"product","link":"https:\/\/silviafernandez.com\/fr\/vestidos-de-fiesta\/primavera\/","title":{"rendered":"Primavera"},"content":{"rendered":"<p>Vestido crepe con plumas en pu\u00f1o y pedreria multicolor en centro cintura<\/p>","protected":false},"excerpt":{"rendered":"<p>Longue robe de soir\u00e9e en cr\u00eape avec des d\u00e9tails uniques tels que des plumes d\u00e9licates sur les poignets, des strass multicolores \u00e0 la taille et une fente centrale. Cette robe d'invit\u00e9 se distingue par sa particularit\u00e9 dans chaque d\u00e9tail avec une combinaison exceptionnelle d'\u00e9l\u00e9ments.<\/p>","protected":false},"featured_media":24293,"template":"","meta":[],"product_brand":[],"product_cat":[139],"product_tag":[],"class_list":{"0":"post-24274","1":"product","2":"type-product","3":"status-publish","4":"has-post-thumbnail","6":"product_cat-vestidos-de-fiesta","8":"first","9":"instock","10":"taxable","11":"shipping-taxable","12":"purchasable","13":"product-type-variable"},"_links":{"self":[{"href":"https:\/\/silviafernandez.com\/fr\/wp-json\/wp\/v2\/product\/24274","targetHints":{"allow":["GET"]}}],"collection":[{"href":"https:\/\/silviafernandez.com\/fr\/wp-json\/wp\/v2\/product"}],"about":[{"href":"https:\/\/silviafernandez.com\/fr\/wp-json\/wp\/v2\/types\/product"}],"wp:featuredmedia":[{"embeddable":true,"href":"https:\/\/silviafernandez.com\/fr\/wp-json\/wp\/v2\/media\/24293"}],"wp:attachment":[{"href":"https:\/\/silviafernandez.com\/fr\/wp-json\/wp\/v2\/media?parent=24274"}],"wp:term":[{"taxonomy":"product_brand","embeddable":true,"href":"https:\/\/silviafernandez.com\/fr\/wp-json\/wp\/v2\/product_brand?post=24274"},{"taxonomy":"product_cat","embeddable":true,"href":"https:\/\/silviafernandez.com\/fr\/wp-json\/wp\/v2\/product_cat?post=24274"},{"taxonomy":"product_tag","embeddable":true,"href":"https:\/\/silviafernandez.com\/fr\/wp-json\/wp\/v2\/product_tag?post=24274"}],"curies":[{"name":"wp","href":"https:\/\/api.w.org\/{rel}","templated":true}]}}