{"id":24196,"date":"2023-12-01T13:51:57","date_gmt":"2023-12-01T12:51:57","guid":{"rendered":"https:\/\/silviafernandez.com\/?post_type=product&#038;p=24196"},"modified":"2026-02-20T15:57:25","modified_gmt":"2026-02-20T14:57:25","slug":"portugal","status":"publish","type":"product","link":"https:\/\/silviafernandez.com\/fr\/vestidos-de-fiesta\/portugal\/","title":{"rendered":"Portugal"},"content":{"rendered":"<p>Vestido crepe con caida bicolor, con lazo joya en hombro<\/p>","protected":false},"excerpt":{"rendered":"<p>Longue robe de soir\u00e9e en cr\u00eape, avec drap\u00e9 lat\u00e9ral bicolore et n\u0153ud bijou sur l'\u00e9paule. Le d\u00e9licat d\u00e9collet\u00e9 bateau et la coupe droite soulignent l'\u00e9l\u00e9gance de ce mod\u00e8le, id\u00e9al pour tout \u00e9v\u00e9nement sp\u00e9cial.<\/p>","protected":false},"featured_media":24216,"template":"","meta":[],"product_brand":[],"product_cat":[139],"product_tag":[],"class_list":{"0":"post-24196","1":"product","2":"type-product","3":"status-publish","4":"has-post-thumbnail","6":"product_cat-vestidos-de-fiesta","8":"first","9":"instock","10":"taxable","11":"shipping-taxable","12":"purchasable","13":"product-type-variable"},"_links":{"self":[{"href":"https:\/\/silviafernandez.com\/fr\/wp-json\/wp\/v2\/product\/24196","targetHints":{"allow":["GET"]}}],"collection":[{"href":"https:\/\/silviafernandez.com\/fr\/wp-json\/wp\/v2\/product"}],"about":[{"href":"https:\/\/silviafernandez.com\/fr\/wp-json\/wp\/v2\/types\/product"}],"wp:featuredmedia":[{"embeddable":true,"href":"https:\/\/silviafernandez.com\/fr\/wp-json\/wp\/v2\/media\/24216"}],"wp:attachment":[{"href":"https:\/\/silviafernandez.com\/fr\/wp-json\/wp\/v2\/media?parent=24196"}],"wp:term":[{"taxonomy":"product_brand","embeddable":true,"href":"https:\/\/silviafernandez.com\/fr\/wp-json\/wp\/v2\/product_brand?post=24196"},{"taxonomy":"product_cat","embeddable":true,"href":"https:\/\/silviafernandez.com\/fr\/wp-json\/wp\/v2\/product_cat?post=24196"},{"taxonomy":"product_tag","embeddable":true,"href":"https:\/\/silviafernandez.com\/fr\/wp-json\/wp\/v2\/product_tag?post=24196"}],"curies":[{"name":"wp","href":"https:\/\/api.w.org\/{rel}","templated":true}]}}