{"id":24135,"date":"2023-12-01T12:05:22","date_gmt":"2023-12-01T11:05:22","guid":{"rendered":"https:\/\/silviafernandez.com\/?post_type=product&#038;p=24135"},"modified":"2025-12-03T12:24:07","modified_gmt":"2025-12-03T11:24:07","slug":"ponferrada","status":"publish","type":"product","link":"https:\/\/silviafernandez.com\/fr\/vestidos-de-fiesta\/ponferrada\/","title":{"rendered":"Ponferrada"},"content":{"rendered":"<p>Vestido camisero brocado<\/p>","protected":false},"excerpt":{"rendered":"<p>Robe-chemise en brocart floral sp\u00e9cial. Elle se distingue par sa combinaison sp\u00e9ciale avec sa ceinture en taffetas, qui rehausse la taille et donne du style. La fusion parfaite des couleurs de ce mod\u00e8le fait de cette robe le centre d'attention.<\/p>","protected":false},"featured_media":24155,"template":"","meta":[],"product_brand":[],"product_cat":[139],"product_tag":[],"class_list":{"0":"post-24135","1":"product","2":"type-product","3":"status-publish","4":"has-post-thumbnail","6":"product_cat-vestidos-de-fiesta","8":"first","9":"instock","10":"taxable","11":"shipping-taxable","12":"purchasable","13":"product-type-variable"},"_links":{"self":[{"href":"https:\/\/silviafernandez.com\/fr\/wp-json\/wp\/v2\/product\/24135","targetHints":{"allow":["GET"]}}],"collection":[{"href":"https:\/\/silviafernandez.com\/fr\/wp-json\/wp\/v2\/product"}],"about":[{"href":"https:\/\/silviafernandez.com\/fr\/wp-json\/wp\/v2\/types\/product"}],"wp:featuredmedia":[{"embeddable":true,"href":"https:\/\/silviafernandez.com\/fr\/wp-json\/wp\/v2\/media\/24155"}],"wp:attachment":[{"href":"https:\/\/silviafernandez.com\/fr\/wp-json\/wp\/v2\/media?parent=24135"}],"wp:term":[{"taxonomy":"product_brand","embeddable":true,"href":"https:\/\/silviafernandez.com\/fr\/wp-json\/wp\/v2\/product_brand?post=24135"},{"taxonomy":"product_cat","embeddable":true,"href":"https:\/\/silviafernandez.com\/fr\/wp-json\/wp\/v2\/product_cat?post=24135"},{"taxonomy":"product_tag","embeddable":true,"href":"https:\/\/silviafernandez.com\/fr\/wp-json\/wp\/v2\/product_tag?post=24135"}],"curies":[{"name":"wp","href":"https:\/\/api.w.org\/{rel}","templated":true}]}}