{"id":23908,"date":"2023-12-01T09:55:47","date_gmt":"2023-12-01T08:55:47","guid":{"rendered":"https:\/\/silviafernandez.com\/?post_type=product&#038;p=23908"},"modified":"2025-12-03T12:24:07","modified_gmt":"2025-12-03T11:24:07","slug":"petra","status":"publish","type":"product","link":"https:\/\/silviafernandez.com\/fr\/vestidos-de-fiesta\/petra\/","title":{"rendered":"Petra"},"content":{"rendered":"<p>Vestido camisero corto tafeta<\/p>","protected":false},"excerpt":{"rendered":"<p>Robe chemise courte en taffetas, avec la\u00e7age \u00e0 la taille et manches fran\u00e7aises orn\u00e9es de boutons bijoux. Cette option d\u00e9contract\u00e9e mais \u00e9l\u00e9gante est id\u00e9ale pour un \u00e9v\u00e9nement sp\u00e9cial. Avec une combinaison de style d\u00e9contract\u00e9 et de d\u00e9tails sophistiqu\u00e9s, cette robe offre un charme distinctif.<\/p>","protected":false},"featured_media":23963,"template":"","meta":[],"product_brand":[],"product_cat":[139],"product_tag":[],"class_list":{"0":"post-23908","1":"product","2":"type-product","3":"status-publish","4":"has-post-thumbnail","6":"product_cat-vestidos-de-fiesta","8":"first","9":"instock","10":"taxable","11":"shipping-taxable","12":"purchasable","13":"product-type-variable"},"_links":{"self":[{"href":"https:\/\/silviafernandez.com\/fr\/wp-json\/wp\/v2\/product\/23908","targetHints":{"allow":["GET"]}}],"collection":[{"href":"https:\/\/silviafernandez.com\/fr\/wp-json\/wp\/v2\/product"}],"about":[{"href":"https:\/\/silviafernandez.com\/fr\/wp-json\/wp\/v2\/types\/product"}],"wp:featuredmedia":[{"embeddable":true,"href":"https:\/\/silviafernandez.com\/fr\/wp-json\/wp\/v2\/media\/23963"}],"wp:attachment":[{"href":"https:\/\/silviafernandez.com\/fr\/wp-json\/wp\/v2\/media?parent=23908"}],"wp:term":[{"taxonomy":"product_brand","embeddable":true,"href":"https:\/\/silviafernandez.com\/fr\/wp-json\/wp\/v2\/product_brand?post=23908"},{"taxonomy":"product_cat","embeddable":true,"href":"https:\/\/silviafernandez.com\/fr\/wp-json\/wp\/v2\/product_cat?post=23908"},{"taxonomy":"product_tag","embeddable":true,"href":"https:\/\/silviafernandez.com\/fr\/wp-json\/wp\/v2\/product_tag?post=23908"}],"curies":[{"name":"wp","href":"https:\/\/api.w.org\/{rel}","templated":true}]}}