{"id":23877,"date":"2023-12-01T09:34:41","date_gmt":"2023-12-01T08:34:41","guid":{"rendered":"https:\/\/silviafernandez.com\/?post_type=product&#038;p=23877"},"modified":"2025-12-03T12:24:07","modified_gmt":"2025-12-03T11:24:07","slug":"petalo","status":"publish","type":"product","link":"https:\/\/silviafernandez.com\/fr\/vestidos-de-fiesta\/petalo\/","title":{"rendered":"Petalo"},"content":{"rendered":"<p>Vestido crepe con cuerpo drapeado y caida tafeta bicolor<\/p>","protected":false},"excerpt":{"rendered":"<p>Cette robe de soir\u00e9e vraiment unique associe deux couleurs captivantes et attrayantes. Dot\u00e9e d'un corsage drap\u00e9 et asym\u00e9trique avec des d\u00e9tails de volants accrocheurs et des chutes de taffetas, cette robe est vraiment captivante et exceptionnelle pour les \u00e9v\u00e9nements sp\u00e9ciaux.<\/p>","protected":false},"featured_media":23896,"template":"","meta":[],"product_brand":[],"product_cat":[139],"product_tag":[],"class_list":{"0":"post-23877","1":"product","2":"type-product","3":"status-publish","4":"has-post-thumbnail","6":"product_cat-vestidos-de-fiesta","8":"first","9":"instock","10":"taxable","11":"shipping-taxable","12":"purchasable","13":"product-type-variable"},"_links":{"self":[{"href":"https:\/\/silviafernandez.com\/fr\/wp-json\/wp\/v2\/product\/23877","targetHints":{"allow":["GET"]}}],"collection":[{"href":"https:\/\/silviafernandez.com\/fr\/wp-json\/wp\/v2\/product"}],"about":[{"href":"https:\/\/silviafernandez.com\/fr\/wp-json\/wp\/v2\/types\/product"}],"wp:featuredmedia":[{"embeddable":true,"href":"https:\/\/silviafernandez.com\/fr\/wp-json\/wp\/v2\/media\/23896"}],"wp:attachment":[{"href":"https:\/\/silviafernandez.com\/fr\/wp-json\/wp\/v2\/media?parent=23877"}],"wp:term":[{"taxonomy":"product_brand","embeddable":true,"href":"https:\/\/silviafernandez.com\/fr\/wp-json\/wp\/v2\/product_brand?post=23877"},{"taxonomy":"product_cat","embeddable":true,"href":"https:\/\/silviafernandez.com\/fr\/wp-json\/wp\/v2\/product_cat?post=23877"},{"taxonomy":"product_tag","embeddable":true,"href":"https:\/\/silviafernandez.com\/fr\/wp-json\/wp\/v2\/product_tag?post=23877"}],"curies":[{"name":"wp","href":"https:\/\/api.w.org\/{rel}","templated":true}]}}