{"id":23846,"date":"2023-12-01T09:22:56","date_gmt":"2023-12-01T08:22:56","guid":{"rendered":"https:\/\/silviafernandez.com\/?post_type=product&#038;p=23846"},"modified":"2025-12-03T12:24:07","modified_gmt":"2025-12-03T11:24:07","slug":"peru","status":"publish","type":"product","link":"https:\/\/silviafernandez.com\/fr\/vestidos-de-fiesta\/peru\/","title":{"rendered":"Peru"},"content":{"rendered":"<p>Vestido punto con pedreria multicolor<\/p>","protected":false},"excerpt":{"rendered":"<p>Cette longue robe de soir\u00e9e en maille est dot\u00e9e d'une superbe fente sur le c\u00f4t\u00e9 et d'une \u00e9l\u00e9gante encolure crois\u00e9e. Ce qui est vraiment captivant dans ce mod\u00e8le, ce sont les d\u00e9tails en strass qui attirent l'attention dans des couleurs vibrantes. Exceptionnellement polyvalente, cette robe convient parfaitement \u00e0 toutes les morphologies.<\/p>","protected":false},"featured_media":23857,"template":"","meta":[],"product_brand":[],"product_cat":[139],"product_tag":[],"class_list":{"0":"post-23846","1":"product","2":"type-product","3":"status-publish","4":"has-post-thumbnail","6":"product_cat-vestidos-de-fiesta","8":"first","9":"instock","10":"taxable","11":"shipping-taxable","12":"purchasable","13":"product-type-variable"},"_links":{"self":[{"href":"https:\/\/silviafernandez.com\/fr\/wp-json\/wp\/v2\/product\/23846","targetHints":{"allow":["GET"]}}],"collection":[{"href":"https:\/\/silviafernandez.com\/fr\/wp-json\/wp\/v2\/product"}],"about":[{"href":"https:\/\/silviafernandez.com\/fr\/wp-json\/wp\/v2\/types\/product"}],"wp:featuredmedia":[{"embeddable":true,"href":"https:\/\/silviafernandez.com\/fr\/wp-json\/wp\/v2\/media\/23857"}],"wp:attachment":[{"href":"https:\/\/silviafernandez.com\/fr\/wp-json\/wp\/v2\/media?parent=23846"}],"wp:term":[{"taxonomy":"product_brand","embeddable":true,"href":"https:\/\/silviafernandez.com\/fr\/wp-json\/wp\/v2\/product_brand?post=23846"},{"taxonomy":"product_cat","embeddable":true,"href":"https:\/\/silviafernandez.com\/fr\/wp-json\/wp\/v2\/product_cat?post=23846"},{"taxonomy":"product_tag","embeddable":true,"href":"https:\/\/silviafernandez.com\/fr\/wp-json\/wp\/v2\/product_tag?post=23846"}],"curies":[{"name":"wp","href":"https:\/\/api.w.org\/{rel}","templated":true}]}}