{"id":23701,"date":"2023-12-01T09:05:11","date_gmt":"2023-12-01T08:05:11","guid":{"rendered":"https:\/\/silviafernandez.com\/?post_type=product&#038;p=23701"},"modified":"2025-12-03T12:24:07","modified_gmt":"2025-12-03T11:24:07","slug":"peonia","status":"publish","type":"product","link":"https:\/\/silviafernandez.com\/fr\/vestidos-de-fiesta\/peonia\/","title":{"rendered":"Peonia"},"content":{"rendered":"<p>Vestido crepe con lazo muare<\/p>","protected":false},"excerpt":{"rendered":"<p>Robe de soir\u00e9e midi en cr\u00eape, \u00e0 l'encolure accentu\u00e9e gr\u00e2ce \u00e0 son n\u0153ud moir\u00e9 qui tombe subtilement sur les coudes et cr\u00e9e une belle forme dans le dos. Un choix pour les invit\u00e9es qui veulent briller lors de votre \u00e9v\u00e9nement.<\/p>","protected":false},"featured_media":23757,"template":"","meta":[],"product_brand":[],"product_cat":[139],"product_tag":[],"class_list":{"0":"post-23701","1":"product","2":"type-product","3":"status-publish","4":"has-post-thumbnail","6":"product_cat-vestidos-de-fiesta","8":"first","9":"instock","10":"taxable","11":"shipping-taxable","12":"purchasable","13":"product-type-variable"},"_links":{"self":[{"href":"https:\/\/silviafernandez.com\/fr\/wp-json\/wp\/v2\/product\/23701","targetHints":{"allow":["GET"]}}],"collection":[{"href":"https:\/\/silviafernandez.com\/fr\/wp-json\/wp\/v2\/product"}],"about":[{"href":"https:\/\/silviafernandez.com\/fr\/wp-json\/wp\/v2\/types\/product"}],"wp:featuredmedia":[{"embeddable":true,"href":"https:\/\/silviafernandez.com\/fr\/wp-json\/wp\/v2\/media\/23757"}],"wp:attachment":[{"href":"https:\/\/silviafernandez.com\/fr\/wp-json\/wp\/v2\/media?parent=23701"}],"wp:term":[{"taxonomy":"product_brand","embeddable":true,"href":"https:\/\/silviafernandez.com\/fr\/wp-json\/wp\/v2\/product_brand?post=23701"},{"taxonomy":"product_cat","embeddable":true,"href":"https:\/\/silviafernandez.com\/fr\/wp-json\/wp\/v2\/product_cat?post=23701"},{"taxonomy":"product_tag","embeddable":true,"href":"https:\/\/silviafernandez.com\/fr\/wp-json\/wp\/v2\/product_tag?post=23701"}],"curies":[{"name":"wp","href":"https:\/\/api.w.org\/{rel}","templated":true}]}}