{"id":23521,"date":"2023-12-01T08:42:44","date_gmt":"2023-12-01T07:42:44","guid":{"rendered":"https:\/\/silviafernandez.com\/?post_type=product&#038;p=23521"},"modified":"2025-12-03T12:24:08","modified_gmt":"2025-12-03T11:24:08","slug":"penaranda","status":"publish","type":"product","link":"https:\/\/silviafernandez.com\/fr\/vestidos-de-fiesta\/penaranda\/","title":{"rendered":"Pe\u00f1aranda"},"content":{"rendered":"<p>Vestido crepe con manguitos y lazo tafeta<\/p>","protected":false},"excerpt":{"rendered":"<p>Magnifique robe longue de soir\u00e9e, r\u00e9alis\u00e9e en cr\u00eape et rehauss\u00e9e de manches avec un d\u00e9licat n\u0153ud en taffetas. Sa forme \u00e9l\u00e9gante met subtilement en valeur les \u00e9paules et l'encolure, conf\u00e9rant \u00e0 ce mod\u00e8le une sophistication exceptionnelle.<\/p>","protected":false},"featured_media":23533,"template":"","meta":[],"product_brand":[],"product_cat":[139],"product_tag":[],"class_list":{"0":"post-23521","1":"product","2":"type-product","3":"status-publish","4":"has-post-thumbnail","6":"product_cat-vestidos-de-fiesta","8":"first","9":"instock","10":"taxable","11":"shipping-taxable","12":"purchasable","13":"product-type-variable"},"_links":{"self":[{"href":"https:\/\/silviafernandez.com\/fr\/wp-json\/wp\/v2\/product\/23521","targetHints":{"allow":["GET"]}}],"collection":[{"href":"https:\/\/silviafernandez.com\/fr\/wp-json\/wp\/v2\/product"}],"about":[{"href":"https:\/\/silviafernandez.com\/fr\/wp-json\/wp\/v2\/types\/product"}],"wp:featuredmedia":[{"embeddable":true,"href":"https:\/\/silviafernandez.com\/fr\/wp-json\/wp\/v2\/media\/23533"}],"wp:attachment":[{"href":"https:\/\/silviafernandez.com\/fr\/wp-json\/wp\/v2\/media?parent=23521"}],"wp:term":[{"taxonomy":"product_brand","embeddable":true,"href":"https:\/\/silviafernandez.com\/fr\/wp-json\/wp\/v2\/product_brand?post=23521"},{"taxonomy":"product_cat","embeddable":true,"href":"https:\/\/silviafernandez.com\/fr\/wp-json\/wp\/v2\/product_cat?post=23521"},{"taxonomy":"product_tag","embeddable":true,"href":"https:\/\/silviafernandez.com\/fr\/wp-json\/wp\/v2\/product_tag?post=23521"}],"curies":[{"name":"wp","href":"https:\/\/api.w.org\/{rel}","templated":true}]}}