{"id":23355,"date":"2023-11-30T13:34:11","date_gmt":"2023-11-30T12:34:11","guid":{"rendered":"https:\/\/silviafernandez.com\/?post_type=product&#038;p=23355"},"modified":"2025-12-03T12:24:08","modified_gmt":"2025-12-03T11:24:08","slug":"patricia","status":"publish","type":"product","link":"https:\/\/silviafernandez.com\/fr\/vestidos-de-fiesta\/patricia\/","title":{"rendered":"Patricia"},"content":{"rendered":"<p>Vestido crepe midi con lazo en hombro<\/p>","protected":false},"excerpt":{"rendered":"<p>Charmante robe midi d'invit\u00e9e en cr\u00eape, orn\u00e9e d'un \u00e9l\u00e9gant n\u0153ud sur l'\u00e9paule et de manches fran\u00e7aises sophistiqu\u00e9es. Sa conception particuli\u00e8re donne du mouvement \u00e0 l'allure, ajoutant une touche de gr\u00e2ce \u00e0 chaque pas. Son design particulier donne du mouvement \u00e0 l'allure, ajoutant une touche de gr\u00e2ce \u00e0 chaque pas. Parfaite pour les \u00e9v\u00e9nements sp\u00e9ciaux, cette robe allie style et confort.<\/p>","protected":false},"featured_media":23374,"template":"","meta":[],"product_brand":[],"product_cat":[139],"product_tag":[],"class_list":{"0":"post-23355","1":"product","2":"type-product","3":"status-publish","4":"has-post-thumbnail","6":"product_cat-vestidos-de-fiesta","8":"first","9":"instock","10":"taxable","11":"shipping-taxable","12":"purchasable","13":"product-type-variable"},"_links":{"self":[{"href":"https:\/\/silviafernandez.com\/fr\/wp-json\/wp\/v2\/product\/23355","targetHints":{"allow":["GET"]}}],"collection":[{"href":"https:\/\/silviafernandez.com\/fr\/wp-json\/wp\/v2\/product"}],"about":[{"href":"https:\/\/silviafernandez.com\/fr\/wp-json\/wp\/v2\/types\/product"}],"wp:featuredmedia":[{"embeddable":true,"href":"https:\/\/silviafernandez.com\/fr\/wp-json\/wp\/v2\/media\/23374"}],"wp:attachment":[{"href":"https:\/\/silviafernandez.com\/fr\/wp-json\/wp\/v2\/media?parent=23355"}],"wp:term":[{"taxonomy":"product_brand","embeddable":true,"href":"https:\/\/silviafernandez.com\/fr\/wp-json\/wp\/v2\/product_brand?post=23355"},{"taxonomy":"product_cat","embeddable":true,"href":"https:\/\/silviafernandez.com\/fr\/wp-json\/wp\/v2\/product_cat?post=23355"},{"taxonomy":"product_tag","embeddable":true,"href":"https:\/\/silviafernandez.com\/fr\/wp-json\/wp\/v2\/product_tag?post=23355"}],"curies":[{"name":"wp","href":"https:\/\/api.w.org\/{rel}","templated":true}]}}