{"id":21208,"date":"2023-09-29T12:46:49","date_gmt":"2023-09-29T10:46:49","guid":{"rendered":"https:\/\/silviafernandez.com\/?post_type=product&#038;p=21208"},"modified":"2025-12-03T12:24:09","modified_gmt":"2025-12-03T11:24:09","slug":"minerva","status":"publish","type":"product","link":"https:\/\/silviafernandez.com\/fr\/vestidos-de-novia\/mademoiselle\/minerva\/","title":{"rendered":"Minerva"},"content":{"rendered":"","protected":false},"excerpt":{"rendered":"<p>Este vestido de novia en crep\u00e9 es sin\u00f3nimo de elegancia moderna. Con un escote en V que estiliza la figura, este dise\u00f1o incluye detalles en guipur en los hombros y en la espalda, aportando un toque de sofisticaci\u00f3n. La ca\u00edda fluida de la capa de gasa a\u00f1ade un aire et\u00e9reo y rom\u00e1ntico al conjunto, mientras que las aplicaciones de plumas en los hombros brindan un acabado audaz y distintivo.<\/p>","protected":false},"featured_media":21209,"template":"","meta":[],"product_brand":[],"product_cat":[671,20],"product_tag":[746],"class_list":{"0":"post-21208","1":"product","2":"type-product","3":"status-publish","4":"has-post-thumbnail","6":"product_cat-mademoiselle","7":"product_cat-vestidos-de-novia","8":"product_tag-mademoiselle","10":"first","11":"instock","12":"taxable","13":"shipping-taxable","14":"product-type-simple"},"_links":{"self":[{"href":"https:\/\/silviafernandez.com\/fr\/wp-json\/wp\/v2\/product\/21208","targetHints":{"allow":["GET"]}}],"collection":[{"href":"https:\/\/silviafernandez.com\/fr\/wp-json\/wp\/v2\/product"}],"about":[{"href":"https:\/\/silviafernandez.com\/fr\/wp-json\/wp\/v2\/types\/product"}],"wp:featuredmedia":[{"embeddable":true,"href":"https:\/\/silviafernandez.com\/fr\/wp-json\/wp\/v2\/media\/21209"}],"wp:attachment":[{"href":"https:\/\/silviafernandez.com\/fr\/wp-json\/wp\/v2\/media?parent=21208"}],"wp:term":[{"taxonomy":"product_brand","embeddable":true,"href":"https:\/\/silviafernandez.com\/fr\/wp-json\/wp\/v2\/product_brand?post=21208"},{"taxonomy":"product_cat","embeddable":true,"href":"https:\/\/silviafernandez.com\/fr\/wp-json\/wp\/v2\/product_cat?post=21208"},{"taxonomy":"product_tag","embeddable":true,"href":"https:\/\/silviafernandez.com\/fr\/wp-json\/wp\/v2\/product_tag?post=21208"}],"curies":[{"name":"wp","href":"https:\/\/api.w.org\/{rel}","templated":true}]}}