{"id":21199,"date":"2023-09-29T12:42:47","date_gmt":"2023-09-29T10:42:47","guid":{"rendered":"https:\/\/silviafernandez.com\/?post_type=product&#038;p=21199"},"modified":"2025-12-03T12:24:09","modified_gmt":"2025-12-03T11:24:09","slug":"mina","status":"publish","type":"product","link":"https:\/\/silviafernandez.com\/fr\/vestidos-de-novia\/mademoiselle\/mina\/","title":{"rendered":"Mina"},"content":{"rendered":"","protected":false},"excerpt":{"rendered":"<p>Este vestido de novia en crep\u00e9 es la definici\u00f3n de sofisticaci\u00f3n cl\u00e1sica con un toque moderno. Su escote en pico estiliza la figura, mientras que la manga francesa aporta un aire de elegancia atemporal. Los detalles de guipur en las mangas, la cintura y la espalda realzan la silueta con un acabado delicado y refinado.<\/p>","protected":false},"featured_media":21201,"template":"","meta":[],"product_brand":[],"product_cat":[671,20],"product_tag":[746],"class_list":{"0":"post-21199","1":"product","2":"type-product","3":"status-publish","4":"has-post-thumbnail","6":"product_cat-mademoiselle","7":"product_cat-vestidos-de-novia","8":"product_tag-mademoiselle","10":"first","11":"instock","12":"taxable","13":"shipping-taxable","14":"product-type-simple"},"_links":{"self":[{"href":"https:\/\/silviafernandez.com\/fr\/wp-json\/wp\/v2\/product\/21199","targetHints":{"allow":["GET"]}}],"collection":[{"href":"https:\/\/silviafernandez.com\/fr\/wp-json\/wp\/v2\/product"}],"about":[{"href":"https:\/\/silviafernandez.com\/fr\/wp-json\/wp\/v2\/types\/product"}],"wp:featuredmedia":[{"embeddable":true,"href":"https:\/\/silviafernandez.com\/fr\/wp-json\/wp\/v2\/media\/21201"}],"wp:attachment":[{"href":"https:\/\/silviafernandez.com\/fr\/wp-json\/wp\/v2\/media?parent=21199"}],"wp:term":[{"taxonomy":"product_brand","embeddable":true,"href":"https:\/\/silviafernandez.com\/fr\/wp-json\/wp\/v2\/product_brand?post=21199"},{"taxonomy":"product_cat","embeddable":true,"href":"https:\/\/silviafernandez.com\/fr\/wp-json\/wp\/v2\/product_cat?post=21199"},{"taxonomy":"product_tag","embeddable":true,"href":"https:\/\/silviafernandez.com\/fr\/wp-json\/wp\/v2\/product_tag?post=21199"}],"curies":[{"name":"wp","href":"https:\/\/api.w.org\/{rel}","templated":true}]}}