{"id":20374,"date":"2023-09-01T16:26:58","date_gmt":"2023-09-01T14:26:58","guid":{"rendered":"https:\/\/silviafernandez.com\/?post_type=product&#038;p=20374"},"modified":"2025-12-03T12:24:10","modified_gmt":"2025-12-03T11:24:10","slug":"miami","status":"publish","type":"product","link":"https:\/\/silviafernandez.com\/fr\/vestidos-de-novia\/mademoiselle\/miami\/","title":{"rendered":"Miami"},"content":{"rendered":"","protected":false},"excerpt":{"rendered":"<p>Miami est synonyme de simplicit\u00e9, de sensualit\u00e9 et d'\u00e9l\u00e9gance.<\/p>\n<p>Une robe de mari\u00e9e enti\u00e8rement r\u00e9alis\u00e9e en cr\u00eape lisse, qui \u00e9pouse la silhouette comme une seconde peau avec sa silhouette de sir\u00e8ne.<\/p>\n<p>Elle allie distinction et s\u00e9duction avec ses manches fran\u00e7aises \u00e0 boutons bijoux et son d\u00e9collet\u00e9 en V devant et derri\u00e8re avec une fente laissant appara\u00eetre la peau du dos.<\/p>","protected":false},"featured_media":20376,"template":"","meta":[],"product_brand":[],"product_cat":[671,20],"product_tag":[746],"class_list":{"0":"post-20374","1":"product","2":"type-product","3":"status-publish","4":"has-post-thumbnail","6":"product_cat-mademoiselle","7":"product_cat-vestidos-de-novia","8":"product_tag-mademoiselle","10":"first","11":"instock","12":"taxable","13":"shipping-taxable","14":"product-type-simple"},"_links":{"self":[{"href":"https:\/\/silviafernandez.com\/fr\/wp-json\/wp\/v2\/product\/20374","targetHints":{"allow":["GET"]}}],"collection":[{"href":"https:\/\/silviafernandez.com\/fr\/wp-json\/wp\/v2\/product"}],"about":[{"href":"https:\/\/silviafernandez.com\/fr\/wp-json\/wp\/v2\/types\/product"}],"wp:featuredmedia":[{"embeddable":true,"href":"https:\/\/silviafernandez.com\/fr\/wp-json\/wp\/v2\/media\/20376"}],"wp:attachment":[{"href":"https:\/\/silviafernandez.com\/fr\/wp-json\/wp\/v2\/media?parent=20374"}],"wp:term":[{"taxonomy":"product_brand","embeddable":true,"href":"https:\/\/silviafernandez.com\/fr\/wp-json\/wp\/v2\/product_brand?post=20374"},{"taxonomy":"product_cat","embeddable":true,"href":"https:\/\/silviafernandez.com\/fr\/wp-json\/wp\/v2\/product_cat?post=20374"},{"taxonomy":"product_tag","embeddable":true,"href":"https:\/\/silviafernandez.com\/fr\/wp-json\/wp\/v2\/product_tag?post=20374"}],"curies":[{"name":"wp","href":"https:\/\/api.w.org\/{rel}","templated":true}]}}