{"id":20369,"date":"2023-09-01T16:22:27","date_gmt":"2023-09-01T14:22:27","guid":{"rendered":"https:\/\/silviafernandez.com\/?post_type=product&#038;p=20369"},"modified":"2025-12-03T12:24:10","modified_gmt":"2025-12-03T11:24:10","slug":"mia","status":"publish","type":"product","link":"https:\/\/silviafernandez.com\/fr\/vestidos-de-novia\/mademoiselle\/mia\/","title":{"rendered":"Mia"},"content":{"rendered":"","protected":false},"excerpt":{"rendered":"<p>M\u00eda, une robe de mari\u00e9e qui compense la simplicit\u00e9 de son design par l'\u00e9l\u00e9gance.<\/p>\n<p>Enti\u00e8rement r\u00e9alis\u00e9e en satin et de coupe \u00e9vas\u00e9e, la jupe tombe de fa\u00e7on fluide \u00e0 partir de la taille.<\/p>\n<p>Elle a des manches courtes originales et bouffantes, et son encolure est ferm\u00e9e, aussi bien sur le devant que dans le dos, o\u00f9, apr\u00e8s avoir enlev\u00e9, si vous le souhaitez, sa cape en satin, \u00e9galement facile \u00e0 enlever, elle a un \u00e9l\u00e9gant boutonnage dans tout le dos.<\/p>","protected":false},"featured_media":20371,"template":"","meta":[],"product_brand":[],"product_cat":[671,20],"product_tag":[746],"class_list":{"0":"post-20369","1":"product","2":"type-product","3":"status-publish","4":"has-post-thumbnail","6":"product_cat-mademoiselle","7":"product_cat-vestidos-de-novia","8":"product_tag-mademoiselle","10":"first","11":"instock","12":"taxable","13":"shipping-taxable","14":"product-type-simple"},"_links":{"self":[{"href":"https:\/\/silviafernandez.com\/fr\/wp-json\/wp\/v2\/product\/20369","targetHints":{"allow":["GET"]}}],"collection":[{"href":"https:\/\/silviafernandez.com\/fr\/wp-json\/wp\/v2\/product"}],"about":[{"href":"https:\/\/silviafernandez.com\/fr\/wp-json\/wp\/v2\/types\/product"}],"wp:featuredmedia":[{"embeddable":true,"href":"https:\/\/silviafernandez.com\/fr\/wp-json\/wp\/v2\/media\/20371"}],"wp:attachment":[{"href":"https:\/\/silviafernandez.com\/fr\/wp-json\/wp\/v2\/media?parent=20369"}],"wp:term":[{"taxonomy":"product_brand","embeddable":true,"href":"https:\/\/silviafernandez.com\/fr\/wp-json\/wp\/v2\/product_brand?post=20369"},{"taxonomy":"product_cat","embeddable":true,"href":"https:\/\/silviafernandez.com\/fr\/wp-json\/wp\/v2\/product_cat?post=20369"},{"taxonomy":"product_tag","embeddable":true,"href":"https:\/\/silviafernandez.com\/fr\/wp-json\/wp\/v2\/product_tag?post=20369"}],"curies":[{"name":"wp","href":"https:\/\/api.w.org\/{rel}","templated":true}]}}