{"id":20354,"date":"2023-08-31T15:32:50","date_gmt":"2023-08-31T13:32:50","guid":{"rendered":"https:\/\/silviafernandez.com\/?post_type=product&#038;p=20354"},"modified":"2025-12-03T12:24:10","modified_gmt":"2025-12-03T11:24:10","slug":"mercurio","status":"publish","type":"product","link":"https:\/\/silviafernandez.com\/fr\/vestidos-de-novia\/mademoiselle\/mercurio\/","title":{"rendered":"Mercurio"},"content":{"rendered":"","protected":false},"excerpt":{"rendered":"<p>Notre robe de mari\u00e9e Mercurio est un mod\u00e8le plein de d\u00e9tails, qui combine magistralement des finitions qui raviront les mari\u00e9es les plus sophistiqu\u00e9es.<\/p>\n<p>Le corps est en taffetas, avec un d\u00e9collet\u00e9 ferm\u00e9 sur le devant et un d\u00e9collet\u00e9 en V ouvert dans le dos, laissant le dos d\u00e9couvert. La jupe est fendue sur le c\u00f4t\u00e9 pour plus de confort.<\/p>\n<p>Les robes se distinguent par leurs applications de strass \u00e0 la taille et sur les \u00e9paules, o\u00f9 elles portent \u00e9galement des plumes.<\/p>","protected":false},"featured_media":20357,"template":"","meta":[],"product_brand":[],"product_cat":[671,20],"product_tag":[746],"class_list":{"0":"post-20354","1":"product","2":"type-product","3":"status-publish","4":"has-post-thumbnail","6":"product_cat-mademoiselle","7":"product_cat-vestidos-de-novia","8":"product_tag-mademoiselle","10":"first","11":"instock","12":"taxable","13":"shipping-taxable","14":"product-type-simple"},"_links":{"self":[{"href":"https:\/\/silviafernandez.com\/fr\/wp-json\/wp\/v2\/product\/20354","targetHints":{"allow":["GET"]}}],"collection":[{"href":"https:\/\/silviafernandez.com\/fr\/wp-json\/wp\/v2\/product"}],"about":[{"href":"https:\/\/silviafernandez.com\/fr\/wp-json\/wp\/v2\/types\/product"}],"wp:featuredmedia":[{"embeddable":true,"href":"https:\/\/silviafernandez.com\/fr\/wp-json\/wp\/v2\/media\/20357"}],"wp:attachment":[{"href":"https:\/\/silviafernandez.com\/fr\/wp-json\/wp\/v2\/media?parent=20354"}],"wp:term":[{"taxonomy":"product_brand","embeddable":true,"href":"https:\/\/silviafernandez.com\/fr\/wp-json\/wp\/v2\/product_brand?post=20354"},{"taxonomy":"product_cat","embeddable":true,"href":"https:\/\/silviafernandez.com\/fr\/wp-json\/wp\/v2\/product_cat?post=20354"},{"taxonomy":"product_tag","embeddable":true,"href":"https:\/\/silviafernandez.com\/fr\/wp-json\/wp\/v2\/product_tag?post=20354"}],"curies":[{"name":"wp","href":"https:\/\/api.w.org\/{rel}","templated":true}]}}