{"id":20349,"date":"2023-08-31T14:12:49","date_gmt":"2023-08-31T12:12:49","guid":{"rendered":"https:\/\/silviafernandez.com\/?post_type=product&#038;p=20349"},"modified":"2025-12-03T12:24:10","modified_gmt":"2025-12-03T11:24:10","slug":"menorca","status":"publish","type":"product","link":"https:\/\/silviafernandez.com\/fr\/vestidos-de-novia\/mademoiselle\/menorca\/","title":{"rendered":"Menorca."},"content":{"rendered":"","protected":false},"excerpt":{"rendered":"<p>Notre mod\u00e8le Menorca associe une mini robe en guipure \u00e0 une jupe de dessus en tulle.<\/p>\n<p>Elle pr\u00e9sente une belle encolure carr\u00e9e, devant et dans le dos, des manches \u00e0 la fran\u00e7aise, et sa surjupe en tulle se ferme confortablement par un petit bouton sur le devant et se termine par une longue tra\u00eene.<\/p>\n<p>Un vestido de novia original y diferente para las novias m\u00e1s modernas.<\/p>","protected":false},"featured_media":20351,"template":"","meta":[],"product_brand":[],"product_cat":[671,20],"product_tag":[746],"class_list":{"0":"post-20349","1":"product","2":"type-product","3":"status-publish","4":"has-post-thumbnail","6":"product_cat-mademoiselle","7":"product_cat-vestidos-de-novia","8":"product_tag-mademoiselle","10":"first","11":"instock","12":"taxable","13":"shipping-taxable","14":"product-type-simple"},"_links":{"self":[{"href":"https:\/\/silviafernandez.com\/fr\/wp-json\/wp\/v2\/product\/20349","targetHints":{"allow":["GET"]}}],"collection":[{"href":"https:\/\/silviafernandez.com\/fr\/wp-json\/wp\/v2\/product"}],"about":[{"href":"https:\/\/silviafernandez.com\/fr\/wp-json\/wp\/v2\/types\/product"}],"wp:featuredmedia":[{"embeddable":true,"href":"https:\/\/silviafernandez.com\/fr\/wp-json\/wp\/v2\/media\/20351"}],"wp:attachment":[{"href":"https:\/\/silviafernandez.com\/fr\/wp-json\/wp\/v2\/media?parent=20349"}],"wp:term":[{"taxonomy":"product_brand","embeddable":true,"href":"https:\/\/silviafernandez.com\/fr\/wp-json\/wp\/v2\/product_brand?post=20349"},{"taxonomy":"product_cat","embeddable":true,"href":"https:\/\/silviafernandez.com\/fr\/wp-json\/wp\/v2\/product_cat?post=20349"},{"taxonomy":"product_tag","embeddable":true,"href":"https:\/\/silviafernandez.com\/fr\/wp-json\/wp\/v2\/product_tag?post=20349"}],"curies":[{"name":"wp","href":"https:\/\/api.w.org\/{rel}","templated":true}]}}