{"id":20345,"date":"2023-08-31T12:56:28","date_gmt":"2023-08-31T10:56:28","guid":{"rendered":"https:\/\/silviafernandez.com\/?post_type=product&#038;p=20345"},"modified":"2025-12-03T12:24:10","modified_gmt":"2025-12-03T11:24:10","slug":"melody","status":"publish","type":"product","link":"https:\/\/silviafernandez.com\/fr\/vestidos-de-novia\/mademoiselle\/melody\/","title":{"rendered":"Melody"},"content":{"rendered":"","protected":false},"excerpt":{"rendered":"<p>Notre robe de mari\u00e9e Melody allie admirablement le charme classique de la coupe princesse et du d\u00e9collet\u00e9 sans bretelles \u00e0 la sophistication et \u00e0 l'\u00e9l\u00e9gance du tweed champagne chatoyant que nous avons utilis\u00e9 pour ce mod\u00e8le.<\/p>\n<p>Elle est \u00e9galement orn\u00e9e d'une d\u00e9coration florale \u00e0 la taille, r\u00e9alis\u00e9e dans le m\u00eame tissu, et d'une jolie tra\u00eene pour compl\u00e9ter une tenue digne de la royaut\u00e9.<\/p>","protected":false},"featured_media":20346,"template":"","meta":[],"product_brand":[],"product_cat":[671,20],"product_tag":[746],"class_list":{"0":"post-20345","1":"product","2":"type-product","3":"status-publish","4":"has-post-thumbnail","6":"product_cat-mademoiselle","7":"product_cat-vestidos-de-novia","8":"product_tag-mademoiselle","10":"first","11":"instock","12":"taxable","13":"shipping-taxable","14":"product-type-simple"},"_links":{"self":[{"href":"https:\/\/silviafernandez.com\/fr\/wp-json\/wp\/v2\/product\/20345","targetHints":{"allow":["GET"]}}],"collection":[{"href":"https:\/\/silviafernandez.com\/fr\/wp-json\/wp\/v2\/product"}],"about":[{"href":"https:\/\/silviafernandez.com\/fr\/wp-json\/wp\/v2\/types\/product"}],"wp:featuredmedia":[{"embeddable":true,"href":"https:\/\/silviafernandez.com\/fr\/wp-json\/wp\/v2\/media\/20346"}],"wp:attachment":[{"href":"https:\/\/silviafernandez.com\/fr\/wp-json\/wp\/v2\/media?parent=20345"}],"wp:term":[{"taxonomy":"product_brand","embeddable":true,"href":"https:\/\/silviafernandez.com\/fr\/wp-json\/wp\/v2\/product_brand?post=20345"},{"taxonomy":"product_cat","embeddable":true,"href":"https:\/\/silviafernandez.com\/fr\/wp-json\/wp\/v2\/product_cat?post=20345"},{"taxonomy":"product_tag","embeddable":true,"href":"https:\/\/silviafernandez.com\/fr\/wp-json\/wp\/v2\/product_tag?post=20345"}],"curies":[{"name":"wp","href":"https:\/\/api.w.org\/{rel}","templated":true}]}}