{"id":20338,"date":"2023-08-31T12:38:49","date_gmt":"2023-08-31T10:38:49","guid":{"rendered":"https:\/\/silviafernandez.com\/?post_type=product&#038;p=20338"},"modified":"2025-12-03T12:24:10","modified_gmt":"2025-12-03T11:24:10","slug":"mediterraneo","status":"publish","type":"product","link":"https:\/\/silviafernandez.com\/fr\/vestidos-de-novia\/mademoiselle\/mediterraneo\/","title":{"rendered":"Mediterr\u00e1neo"},"content":{"rendered":"","protected":false},"excerpt":{"rendered":"<p>Mediterraneo, c'est la sobri\u00e9t\u00e9 et l'\u00e9l\u00e9gance.<\/p>\n<p>Une robe de mari\u00e9e en mousseline de soie, enti\u00e8rement unie, avec une encolure crois\u00e9e l\u00e9g\u00e8rement blous\u00e9e et de longues manches bouffantes.<\/p>\n<p>Le contrepoint est assur\u00e9 par les boutons bijou des poignets et le la\u00e7age en mousseline de soie qui couronne la partie sup\u00e9rieure du dos presque ferm\u00e9, avec seulement une l\u00e9g\u00e8re et subtile ouverture.<\/p>","protected":false},"featured_media":20340,"template":"","meta":[],"product_brand":[],"product_cat":[671,20],"product_tag":[746],"class_list":{"0":"post-20338","1":"product","2":"type-product","3":"status-publish","4":"has-post-thumbnail","6":"product_cat-mademoiselle","7":"product_cat-vestidos-de-novia","8":"product_tag-mademoiselle","10":"first","11":"instock","12":"taxable","13":"shipping-taxable","14":"product-type-simple"},"_links":{"self":[{"href":"https:\/\/silviafernandez.com\/fr\/wp-json\/wp\/v2\/product\/20338","targetHints":{"allow":["GET"]}}],"collection":[{"href":"https:\/\/silviafernandez.com\/fr\/wp-json\/wp\/v2\/product"}],"about":[{"href":"https:\/\/silviafernandez.com\/fr\/wp-json\/wp\/v2\/types\/product"}],"wp:featuredmedia":[{"embeddable":true,"href":"https:\/\/silviafernandez.com\/fr\/wp-json\/wp\/v2\/media\/20340"}],"wp:attachment":[{"href":"https:\/\/silviafernandez.com\/fr\/wp-json\/wp\/v2\/media?parent=20338"}],"wp:term":[{"taxonomy":"product_brand","embeddable":true,"href":"https:\/\/silviafernandez.com\/fr\/wp-json\/wp\/v2\/product_brand?post=20338"},{"taxonomy":"product_cat","embeddable":true,"href":"https:\/\/silviafernandez.com\/fr\/wp-json\/wp\/v2\/product_cat?post=20338"},{"taxonomy":"product_tag","embeddable":true,"href":"https:\/\/silviafernandez.com\/fr\/wp-json\/wp\/v2\/product_tag?post=20338"}],"curies":[{"name":"wp","href":"https:\/\/api.w.org\/{rel}","templated":true}]}}