{"id":20332,"date":"2023-08-30T16:46:22","date_gmt":"2023-08-30T14:46:22","guid":{"rendered":"https:\/\/silviafernandez.com\/?post_type=product&#038;p=20332"},"modified":"2025-12-03T12:24:10","modified_gmt":"2025-12-03T11:24:10","slug":"mayra","status":"publish","type":"product","link":"https:\/\/silviafernandez.com\/fr\/vestidos-de-novia\/mademoiselle\/mayra\/","title":{"rendered":"Mayra"},"content":{"rendered":"","protected":false},"excerpt":{"rendered":"<p>Mayra est une robe de mari\u00e9e romantique en mousseline de soie, avec de charmants d\u00e9tails en tulle brod\u00e9, comme les poignets des longues manches bouffantes ou la ceinture flatteuse.<\/p>\n<p>Avec un d\u00e9collet\u00e9 ferm\u00e9 sur le devant, il laisse toute l'attention au dos, avec un dos en V enti\u00e8rement d\u00e9couvert, encadr\u00e9 par le m\u00eame tulle et un drap\u00e9 de mousseline d\u00e9tachable.<\/p>","protected":false},"featured_media":20334,"template":"","meta":[],"product_brand":[],"product_cat":[671,20],"product_tag":[746],"class_list":{"0":"post-20332","1":"product","2":"type-product","3":"status-publish","4":"has-post-thumbnail","6":"product_cat-mademoiselle","7":"product_cat-vestidos-de-novia","8":"product_tag-mademoiselle","10":"first","11":"instock","12":"taxable","13":"shipping-taxable","14":"product-type-simple"},"_links":{"self":[{"href":"https:\/\/silviafernandez.com\/fr\/wp-json\/wp\/v2\/product\/20332","targetHints":{"allow":["GET"]}}],"collection":[{"href":"https:\/\/silviafernandez.com\/fr\/wp-json\/wp\/v2\/product"}],"about":[{"href":"https:\/\/silviafernandez.com\/fr\/wp-json\/wp\/v2\/types\/product"}],"wp:featuredmedia":[{"embeddable":true,"href":"https:\/\/silviafernandez.com\/fr\/wp-json\/wp\/v2\/media\/20334"}],"wp:attachment":[{"href":"https:\/\/silviafernandez.com\/fr\/wp-json\/wp\/v2\/media?parent=20332"}],"wp:term":[{"taxonomy":"product_brand","embeddable":true,"href":"https:\/\/silviafernandez.com\/fr\/wp-json\/wp\/v2\/product_brand?post=20332"},{"taxonomy":"product_cat","embeddable":true,"href":"https:\/\/silviafernandez.com\/fr\/wp-json\/wp\/v2\/product_cat?post=20332"},{"taxonomy":"product_tag","embeddable":true,"href":"https:\/\/silviafernandez.com\/fr\/wp-json\/wp\/v2\/product_tag?post=20332"}],"curies":[{"name":"wp","href":"https:\/\/api.w.org\/{rel}","templated":true}]}}