{"id":20326,"date":"2023-08-30T16:42:24","date_gmt":"2023-08-30T14:42:24","guid":{"rendered":"https:\/\/silviafernandez.com\/?post_type=product&#038;p=20326"},"modified":"2025-12-03T12:24:10","modified_gmt":"2025-12-03T11:24:10","slug":"mauritania","status":"publish","type":"product","link":"https:\/\/silviafernandez.com\/fr\/vestidos-de-novia\/mademoiselle\/mauritania\/","title":{"rendered":"Mauritania"},"content":{"rendered":"","protected":false},"excerpt":{"rendered":"<p>Mauritanie, la combinaison parfaite du confort, de la sensualit\u00e9 et de l'artisanat.<\/p>\n<p>Une robe de mari\u00e9e droite, en maille, avec une fente sur le devant de la jupe, qui garantit un confort absolu.<\/p>\n<p>Sa vue de face pr\u00e9sente un ruchage flatteur accompagn\u00e9 de bretelles, et sa vue de dos vous fera tomber amoureuse de sa spectaculaire couche amovible de tulle floqu\u00e9, brod\u00e9e enti\u00e8rement \u00e0 la main, qui en fait une robe de mari\u00e9e deux pi\u00e8ces.<\/p>","protected":false},"featured_media":20328,"template":"","meta":[],"product_brand":[],"product_cat":[671,20],"product_tag":[746],"class_list":{"0":"post-20326","1":"product","2":"type-product","3":"status-publish","4":"has-post-thumbnail","6":"product_cat-mademoiselle","7":"product_cat-vestidos-de-novia","8":"product_tag-mademoiselle","10":"first","11":"instock","12":"taxable","13":"shipping-taxable","14":"product-type-simple"},"_links":{"self":[{"href":"https:\/\/silviafernandez.com\/fr\/wp-json\/wp\/v2\/product\/20326","targetHints":{"allow":["GET"]}}],"collection":[{"href":"https:\/\/silviafernandez.com\/fr\/wp-json\/wp\/v2\/product"}],"about":[{"href":"https:\/\/silviafernandez.com\/fr\/wp-json\/wp\/v2\/types\/product"}],"wp:featuredmedia":[{"embeddable":true,"href":"https:\/\/silviafernandez.com\/fr\/wp-json\/wp\/v2\/media\/20328"}],"wp:attachment":[{"href":"https:\/\/silviafernandez.com\/fr\/wp-json\/wp\/v2\/media?parent=20326"}],"wp:term":[{"taxonomy":"product_brand","embeddable":true,"href":"https:\/\/silviafernandez.com\/fr\/wp-json\/wp\/v2\/product_brand?post=20326"},{"taxonomy":"product_cat","embeddable":true,"href":"https:\/\/silviafernandez.com\/fr\/wp-json\/wp\/v2\/product_cat?post=20326"},{"taxonomy":"product_tag","embeddable":true,"href":"https:\/\/silviafernandez.com\/fr\/wp-json\/wp\/v2\/product_tag?post=20326"}],"curies":[{"name":"wp","href":"https:\/\/api.w.org\/{rel}","templated":true}]}}