{"id":20307,"date":"2023-08-29T10:46:01","date_gmt":"2023-08-29T08:46:01","guid":{"rendered":"https:\/\/silviafernandez.com\/?post_type=product&#038;p=20307"},"modified":"2025-12-03T12:24:11","modified_gmt":"2025-12-03T11:24:11","slug":"marilyn","status":"publish","type":"product","link":"https:\/\/silviafernandez.com\/fr\/vestidos-de-novia\/mademoiselle\/marilyn\/","title":{"rendered":"Marilyn"},"content":{"rendered":"","protected":false},"excerpt":{"rendered":"<p>Marilyn, un design original et jeune qui plaira aux mari\u00e9es les plus audacieuses et les plus diff\u00e9rentes.<\/p>\n<p>Sa jupe attirera l'attention non seulement par son tulle floral 3D unique, mais aussi par son asym\u00e9trie, \u00e9tant plus courte \u00e0 l'avant qu'\u00e0 l'arri\u00e8re.<\/p>\n<p>Le haut est en cr\u00eape enti\u00e8rement uni, sans manches, avec une encolure en V sur le devant et dans le dos, et est bord\u00e9 de tulle sur les deux \u00e9paules.<\/p>","protected":false},"featured_media":20308,"template":"","meta":[],"product_brand":[],"product_cat":[671,20],"product_tag":[746],"class_list":{"0":"post-20307","1":"product","2":"type-product","3":"status-publish","4":"has-post-thumbnail","6":"product_cat-mademoiselle","7":"product_cat-vestidos-de-novia","8":"product_tag-mademoiselle","10":"first","11":"instock","12":"taxable","13":"shipping-taxable","14":"product-type-simple"},"_links":{"self":[{"href":"https:\/\/silviafernandez.com\/fr\/wp-json\/wp\/v2\/product\/20307","targetHints":{"allow":["GET"]}}],"collection":[{"href":"https:\/\/silviafernandez.com\/fr\/wp-json\/wp\/v2\/product"}],"about":[{"href":"https:\/\/silviafernandez.com\/fr\/wp-json\/wp\/v2\/types\/product"}],"wp:featuredmedia":[{"embeddable":true,"href":"https:\/\/silviafernandez.com\/fr\/wp-json\/wp\/v2\/media\/20308"}],"wp:attachment":[{"href":"https:\/\/silviafernandez.com\/fr\/wp-json\/wp\/v2\/media?parent=20307"}],"wp:term":[{"taxonomy":"product_brand","embeddable":true,"href":"https:\/\/silviafernandez.com\/fr\/wp-json\/wp\/v2\/product_brand?post=20307"},{"taxonomy":"product_cat","embeddable":true,"href":"https:\/\/silviafernandez.com\/fr\/wp-json\/wp\/v2\/product_cat?post=20307"},{"taxonomy":"product_tag","embeddable":true,"href":"https:\/\/silviafernandez.com\/fr\/wp-json\/wp\/v2\/product_tag?post=20307"}],"curies":[{"name":"wp","href":"https:\/\/api.w.org\/{rel}","templated":true}]}}