{"id":20301,"date":"2023-08-29T10:41:16","date_gmt":"2023-08-29T08:41:16","guid":{"rendered":"https:\/\/silviafernandez.com\/?post_type=product&#038;p=20301"},"modified":"2025-12-03T12:24:11","modified_gmt":"2025-12-03T11:24:11","slug":"martina","status":"publish","type":"product","link":"https:\/\/silviafernandez.com\/fr\/vestidos-de-novia\/mademoiselle\/martina\/","title":{"rendered":"Martina"},"content":{"rendered":"","protected":false},"excerpt":{"rendered":"<p>Notre mod\u00e8le Martina est une robe de mari\u00e9e con\u00e7ue pour les mari\u00e9es qui recherchent l'\u00e9l\u00e9gance et la sobri\u00e9t\u00e9 sans pour autant renoncer \u00e0 une touche de fra\u00eecheur et de sensualit\u00e9.<\/p>\n<p>R\u00e9alis\u00e9e en organza d\u00e9coup\u00e9 qui met subtilement en valeur la silhouette, elle est dot\u00e9e d'une ceinture en organza qui s\u00e9pare visuellement le buste de la jupe.<\/p>\n<p>Le d\u00e9collet\u00e9 avant est ferm\u00e9, tandis que le dos est d\u00e9couvert pour les mari\u00e9es qui pr\u00e9f\u00e8rent accorder toute l'attention \u00e0 cette partie du corps.<\/p>\n<p>Elle est dot\u00e9e d'\u00e9l\u00e9gantes manches fran\u00e7aises et se termine par une longue tra\u00eene qui met en valeur les motifs spectaculaires de l'\u00e9toffe.<\/p>","protected":false},"featured_media":20303,"template":"","meta":[],"product_brand":[],"product_cat":[671,20],"product_tag":[746],"class_list":{"0":"post-20301","1":"product","2":"type-product","3":"status-publish","4":"has-post-thumbnail","6":"product_cat-mademoiselle","7":"product_cat-vestidos-de-novia","8":"product_tag-mademoiselle","10":"first","11":"instock","12":"taxable","13":"shipping-taxable","14":"product-type-simple"},"_links":{"self":[{"href":"https:\/\/silviafernandez.com\/fr\/wp-json\/wp\/v2\/product\/20301","targetHints":{"allow":["GET"]}}],"collection":[{"href":"https:\/\/silviafernandez.com\/fr\/wp-json\/wp\/v2\/product"}],"about":[{"href":"https:\/\/silviafernandez.com\/fr\/wp-json\/wp\/v2\/types\/product"}],"wp:featuredmedia":[{"embeddable":true,"href":"https:\/\/silviafernandez.com\/fr\/wp-json\/wp\/v2\/media\/20303"}],"wp:attachment":[{"href":"https:\/\/silviafernandez.com\/fr\/wp-json\/wp\/v2\/media?parent=20301"}],"wp:term":[{"taxonomy":"product_brand","embeddable":true,"href":"https:\/\/silviafernandez.com\/fr\/wp-json\/wp\/v2\/product_brand?post=20301"},{"taxonomy":"product_cat","embeddable":true,"href":"https:\/\/silviafernandez.com\/fr\/wp-json\/wp\/v2\/product_cat?post=20301"},{"taxonomy":"product_tag","embeddable":true,"href":"https:\/\/silviafernandez.com\/fr\/wp-json\/wp\/v2\/product_tag?post=20301"}],"curies":[{"name":"wp","href":"https:\/\/api.w.org\/{rel}","templated":true}]}}