{"id":20288,"date":"2023-08-29T09:38:15","date_gmt":"2023-08-29T07:38:15","guid":{"rendered":"https:\/\/silviafernandez.com\/?post_type=product&#038;p=20288"},"modified":"2025-12-03T12:24:11","modified_gmt":"2025-12-03T11:24:11","slug":"marisma","status":"publish","type":"product","link":"https:\/\/silviafernandez.com\/fr\/vestidos-de-novia\/mademoiselle\/marisma\/","title":{"rendered":"Marisma"},"content":{"rendered":"","protected":false},"excerpt":{"rendered":"<p>Notre mod\u00e8le Marisma combine avec go\u00fbt un corsage bustier flatteur et des manches maxi bouffantes, alliant tendance et classicisme avec un magnifique tulle brod\u00e9 avec des paillettes.<\/p>\n<p>Avec sa silhouette en ligne A et sa jolie tra\u00eene, elle vous transformera en mari\u00e9e de conte de f\u00e9es moderne.<\/p>","protected":false},"featured_media":20290,"template":"","meta":[],"product_brand":[],"product_cat":[671,20],"product_tag":[746],"class_list":{"0":"post-20288","1":"product","2":"type-product","3":"status-publish","4":"has-post-thumbnail","6":"product_cat-mademoiselle","7":"product_cat-vestidos-de-novia","8":"product_tag-mademoiselle","10":"first","11":"instock","12":"taxable","13":"shipping-taxable","14":"product-type-simple"},"_links":{"self":[{"href":"https:\/\/silviafernandez.com\/fr\/wp-json\/wp\/v2\/product\/20288","targetHints":{"allow":["GET"]}}],"collection":[{"href":"https:\/\/silviafernandez.com\/fr\/wp-json\/wp\/v2\/product"}],"about":[{"href":"https:\/\/silviafernandez.com\/fr\/wp-json\/wp\/v2\/types\/product"}],"wp:featuredmedia":[{"embeddable":true,"href":"https:\/\/silviafernandez.com\/fr\/wp-json\/wp\/v2\/media\/20290"}],"wp:attachment":[{"href":"https:\/\/silviafernandez.com\/fr\/wp-json\/wp\/v2\/media?parent=20288"}],"wp:term":[{"taxonomy":"product_brand","embeddable":true,"href":"https:\/\/silviafernandez.com\/fr\/wp-json\/wp\/v2\/product_brand?post=20288"},{"taxonomy":"product_cat","embeddable":true,"href":"https:\/\/silviafernandez.com\/fr\/wp-json\/wp\/v2\/product_cat?post=20288"},{"taxonomy":"product_tag","embeddable":true,"href":"https:\/\/silviafernandez.com\/fr\/wp-json\/wp\/v2\/product_tag?post=20288"}],"curies":[{"name":"wp","href":"https:\/\/api.w.org\/{rel}","templated":true}]}}