{"id":20282,"date":"2023-08-29T09:34:26","date_gmt":"2023-08-29T07:34:26","guid":{"rendered":"https:\/\/silviafernandez.com\/?post_type=product&#038;p=20282"},"modified":"2025-12-03T12:24:11","modified_gmt":"2025-12-03T11:24:11","slug":"mariposa","status":"publish","type":"product","link":"https:\/\/silviafernandez.com\/fr\/vestidos-de-novia\/mademoiselle\/mariposa\/","title":{"rendered":"Mariposa"},"content":{"rendered":"","protected":false},"excerpt":{"rendered":"<p>Notre robe de mari\u00e9e Mariposa est faite d'un tulle brod\u00e9 exquis avec des applications de perles, qui apportera glamour et sophistication sans nuire \u00e0 l'\u00e9l\u00e9gance des mari\u00e9es qui pr\u00e9f\u00e8rent \u00eatre \u00e0 l'aise et simples le jour de leur mariage.<\/p>\n<p>D\u00e9collet\u00e9 en V, devant et derri\u00e8re, sans manches, et jupe fendue sur le c\u00f4t\u00e9 qui vous permettra de danser confortablement tout au long de la nuit.<\/p>","protected":false},"featured_media":20284,"template":"","meta":[],"product_brand":[],"product_cat":[671,20],"product_tag":[746],"class_list":{"0":"post-20282","1":"product","2":"type-product","3":"status-publish","4":"has-post-thumbnail","6":"product_cat-mademoiselle","7":"product_cat-vestidos-de-novia","8":"product_tag-mademoiselle","10":"first","11":"instock","12":"taxable","13":"shipping-taxable","14":"product-type-simple"},"_links":{"self":[{"href":"https:\/\/silviafernandez.com\/fr\/wp-json\/wp\/v2\/product\/20282","targetHints":{"allow":["GET"]}}],"collection":[{"href":"https:\/\/silviafernandez.com\/fr\/wp-json\/wp\/v2\/product"}],"about":[{"href":"https:\/\/silviafernandez.com\/fr\/wp-json\/wp\/v2\/types\/product"}],"wp:featuredmedia":[{"embeddable":true,"href":"https:\/\/silviafernandez.com\/fr\/wp-json\/wp\/v2\/media\/20284"}],"wp:attachment":[{"href":"https:\/\/silviafernandez.com\/fr\/wp-json\/wp\/v2\/media?parent=20282"}],"wp:term":[{"taxonomy":"product_brand","embeddable":true,"href":"https:\/\/silviafernandez.com\/fr\/wp-json\/wp\/v2\/product_brand?post=20282"},{"taxonomy":"product_cat","embeddable":true,"href":"https:\/\/silviafernandez.com\/fr\/wp-json\/wp\/v2\/product_cat?post=20282"},{"taxonomy":"product_tag","embeddable":true,"href":"https:\/\/silviafernandez.com\/fr\/wp-json\/wp\/v2\/product_tag?post=20282"}],"curies":[{"name":"wp","href":"https:\/\/api.w.org\/{rel}","templated":true}]}}