{"id":20276,"date":"2023-08-29T09:30:40","date_gmt":"2023-08-29T07:30:40","guid":{"rendered":"https:\/\/silviafernandez.com\/?post_type=product&#038;p=20276"},"modified":"2025-12-03T12:24:11","modified_gmt":"2025-12-03T11:24:11","slug":"marien","status":"publish","type":"product","link":"https:\/\/silviafernandez.com\/fr\/vestidos-de-novia\/mademoiselle\/marien\/","title":{"rendered":"Marien"},"content":{"rendered":"","protected":false},"excerpt":{"rendered":"<p>L'ensemble mini robe et surjupe Mariem allie modernit\u00e9 et \u00e9l\u00e9gance dans un mod\u00e8le en guipure avec col perkins, manches maxi bouffantes et fente en forme de goutte d'eau dans le dos.<\/p>\n<p>L'embellissement floral sur le devant de la surjupe en organza est la touche finale, que vous pouvez facilement enlever pour cr\u00e9er deux tenues diff\u00e9rentes.<\/p>","protected":false},"featured_media":20278,"template":"","meta":[],"product_brand":[],"product_cat":[671,20],"product_tag":[746],"class_list":{"0":"post-20276","1":"product","2":"type-product","3":"status-publish","4":"has-post-thumbnail","6":"product_cat-mademoiselle","7":"product_cat-vestidos-de-novia","8":"product_tag-mademoiselle","10":"first","11":"instock","12":"taxable","13":"shipping-taxable","14":"product-type-simple"},"_links":{"self":[{"href":"https:\/\/silviafernandez.com\/fr\/wp-json\/wp\/v2\/product\/20276","targetHints":{"allow":["GET"]}}],"collection":[{"href":"https:\/\/silviafernandez.com\/fr\/wp-json\/wp\/v2\/product"}],"about":[{"href":"https:\/\/silviafernandez.com\/fr\/wp-json\/wp\/v2\/types\/product"}],"wp:featuredmedia":[{"embeddable":true,"href":"https:\/\/silviafernandez.com\/fr\/wp-json\/wp\/v2\/media\/20278"}],"wp:attachment":[{"href":"https:\/\/silviafernandez.com\/fr\/wp-json\/wp\/v2\/media?parent=20276"}],"wp:term":[{"taxonomy":"product_brand","embeddable":true,"href":"https:\/\/silviafernandez.com\/fr\/wp-json\/wp\/v2\/product_brand?post=20276"},{"taxonomy":"product_cat","embeddable":true,"href":"https:\/\/silviafernandez.com\/fr\/wp-json\/wp\/v2\/product_cat?post=20276"},{"taxonomy":"product_tag","embeddable":true,"href":"https:\/\/silviafernandez.com\/fr\/wp-json\/wp\/v2\/product_tag?post=20276"}],"curies":[{"name":"wp","href":"https:\/\/api.w.org\/{rel}","templated":true}]}}