{"id":20263,"date":"2023-08-29T09:22:49","date_gmt":"2023-08-29T07:22:49","guid":{"rendered":"https:\/\/silviafernandez.com\/?post_type=product&#038;p=20263"},"modified":"2025-12-03T12:24:11","modified_gmt":"2025-12-03T11:24:11","slug":"mariana","status":"publish","type":"product","link":"https:\/\/silviafernandez.com\/fr\/vestidos-de-novia\/mademoiselle\/mariana\/","title":{"rendered":"Mariana"},"content":{"rendered":"","protected":false},"excerpt":{"rendered":"<p>Mariana, c'est l'\u00e9l\u00e9gance et la sensualit\u00e9.<\/p>\n<p>Une robe de mari\u00e9e \u00e0 la silhouette sir\u00e8ne avec un dos ouvert qui vous permettra de mettre en valeur votre silhouette.<\/p>\n<p>Confectionn\u00e9e en guipure l\u00e9g\u00e8re, elle associe avec go\u00fbt ces \u00e9l\u00e9ments \u00e0 un \u00e9l\u00e9gant buste ferm\u00e9 et \u00e0 un col montant de style perkins.<\/p>","protected":false},"featured_media":20257,"template":"","meta":[],"product_brand":[],"product_cat":[671,20],"product_tag":[746],"class_list":{"0":"post-20263","1":"product","2":"type-product","3":"status-publish","4":"has-post-thumbnail","6":"product_cat-mademoiselle","7":"product_cat-vestidos-de-novia","8":"product_tag-mademoiselle","10":"first","11":"instock","12":"taxable","13":"shipping-taxable","14":"product-type-simple"},"_links":{"self":[{"href":"https:\/\/silviafernandez.com\/fr\/wp-json\/wp\/v2\/product\/20263","targetHints":{"allow":["GET"]}}],"collection":[{"href":"https:\/\/silviafernandez.com\/fr\/wp-json\/wp\/v2\/product"}],"about":[{"href":"https:\/\/silviafernandez.com\/fr\/wp-json\/wp\/v2\/types\/product"}],"wp:featuredmedia":[{"embeddable":true,"href":"https:\/\/silviafernandez.com\/fr\/wp-json\/wp\/v2\/media\/20257"}],"wp:attachment":[{"href":"https:\/\/silviafernandez.com\/fr\/wp-json\/wp\/v2\/media?parent=20263"}],"wp:term":[{"taxonomy":"product_brand","embeddable":true,"href":"https:\/\/silviafernandez.com\/fr\/wp-json\/wp\/v2\/product_brand?post=20263"},{"taxonomy":"product_cat","embeddable":true,"href":"https:\/\/silviafernandez.com\/fr\/wp-json\/wp\/v2\/product_cat?post=20263"},{"taxonomy":"product_tag","embeddable":true,"href":"https:\/\/silviafernandez.com\/fr\/wp-json\/wp\/v2\/product_tag?post=20263"}],"curies":[{"name":"wp","href":"https:\/\/api.w.org\/{rel}","templated":true}]}}