{"id":20256,"date":"2023-08-29T09:16:20","date_gmt":"2023-08-29T07:16:20","guid":{"rendered":"https:\/\/silviafernandez.com\/?post_type=product&#038;p=20256"},"modified":"2025-12-03T12:24:11","modified_gmt":"2025-12-03T11:24:11","slug":"maria","status":"publish","type":"product","link":"https:\/\/silviafernandez.com\/fr\/vestidos-de-novia\/mademoiselle\/maria\/","title":{"rendered":"Maria"},"content":{"rendered":"","protected":false},"excerpt":{"rendered":"<p>Notre mod\u00e8le Maria, est une robe de mari\u00e9e qui allie romantisme et sensualit\u00e9 pour \u00eatre r\u00e9alis\u00e9e enti\u00e8rement en guipour, ce qui permet \u00e0 la lumi\u00e8re de passer l\u00e9g\u00e8rement en laissant appara\u00eetre la silhouette.<\/p>\n<p>D\u00e9collet\u00e9 en V, manches courtes en cape et dos ouvert.<\/p>\n<p>La jupe tombe directement \u00e0 la taille et s'\u00e9vase en une petite tra\u00eene pour un confort optimal tout au long de la journ\u00e9e.<\/p>","protected":false},"featured_media":20259,"template":"","meta":[],"product_brand":[],"product_cat":[671,20],"product_tag":[746],"class_list":{"0":"post-20256","1":"product","2":"type-product","3":"status-publish","4":"has-post-thumbnail","6":"product_cat-mademoiselle","7":"product_cat-vestidos-de-novia","8":"product_tag-mademoiselle","10":"first","11":"instock","12":"taxable","13":"shipping-taxable","14":"product-type-simple"},"_links":{"self":[{"href":"https:\/\/silviafernandez.com\/fr\/wp-json\/wp\/v2\/product\/20256","targetHints":{"allow":["GET"]}}],"collection":[{"href":"https:\/\/silviafernandez.com\/fr\/wp-json\/wp\/v2\/product"}],"about":[{"href":"https:\/\/silviafernandez.com\/fr\/wp-json\/wp\/v2\/types\/product"}],"wp:featuredmedia":[{"embeddable":true,"href":"https:\/\/silviafernandez.com\/fr\/wp-json\/wp\/v2\/media\/20259"}],"wp:attachment":[{"href":"https:\/\/silviafernandez.com\/fr\/wp-json\/wp\/v2\/media?parent=20256"}],"wp:term":[{"taxonomy":"product_brand","embeddable":true,"href":"https:\/\/silviafernandez.com\/fr\/wp-json\/wp\/v2\/product_brand?post=20256"},{"taxonomy":"product_cat","embeddable":true,"href":"https:\/\/silviafernandez.com\/fr\/wp-json\/wp\/v2\/product_cat?post=20256"},{"taxonomy":"product_tag","embeddable":true,"href":"https:\/\/silviafernandez.com\/fr\/wp-json\/wp\/v2\/product_tag?post=20256"}],"curies":[{"name":"wp","href":"https:\/\/api.w.org\/{rel}","templated":true}]}}