{"id":20250,"date":"2023-08-29T09:10:26","date_gmt":"2023-08-29T07:10:26","guid":{"rendered":"https:\/\/silviafernandez.com\/?post_type=product&#038;p=20250"},"modified":"2025-12-03T12:24:11","modified_gmt":"2025-12-03T11:24:11","slug":"marea","status":"publish","type":"product","link":"https:\/\/silviafernandez.com\/fr\/vestidos-de-novia\/mademoiselle\/marea\/","title":{"rendered":"Marea"},"content":{"rendered":"","protected":false},"excerpt":{"rendered":"<p>Marea ravira les mari\u00e9es simples et romantiques.<\/p>\n<p>Cette robe de mari\u00e9e en cr\u00eape avec jupe fendue sur le c\u00f4t\u00e9 pr\u00e9sente un tulle brod\u00e9 romantique qui se drape sur le buste et de charmantes manchettes qui terminent de longues manches bouffantes d\u00e9licates.<\/p>\n<p>Avec une encolure carr\u00e9e sur le devant et dans le dos, elle est dot\u00e9e d'une \u00e9l\u00e9gante patte de boutonnage dans le dos, suivie d'une longue tra\u00eene.<\/p>","protected":false},"featured_media":20252,"template":"","meta":[],"product_brand":[],"product_cat":[671,20],"product_tag":[746],"class_list":{"0":"post-20250","1":"product","2":"type-product","3":"status-publish","4":"has-post-thumbnail","6":"product_cat-mademoiselle","7":"product_cat-vestidos-de-novia","8":"product_tag-mademoiselle","10":"first","11":"instock","12":"taxable","13":"shipping-taxable","14":"product-type-simple"},"_links":{"self":[{"href":"https:\/\/silviafernandez.com\/fr\/wp-json\/wp\/v2\/product\/20250","targetHints":{"allow":["GET"]}}],"collection":[{"href":"https:\/\/silviafernandez.com\/fr\/wp-json\/wp\/v2\/product"}],"about":[{"href":"https:\/\/silviafernandez.com\/fr\/wp-json\/wp\/v2\/types\/product"}],"wp:featuredmedia":[{"embeddable":true,"href":"https:\/\/silviafernandez.com\/fr\/wp-json\/wp\/v2\/media\/20252"}],"wp:attachment":[{"href":"https:\/\/silviafernandez.com\/fr\/wp-json\/wp\/v2\/media?parent=20250"}],"wp:term":[{"taxonomy":"product_brand","embeddable":true,"href":"https:\/\/silviafernandez.com\/fr\/wp-json\/wp\/v2\/product_brand?post=20250"},{"taxonomy":"product_cat","embeddable":true,"href":"https:\/\/silviafernandez.com\/fr\/wp-json\/wp\/v2\/product_cat?post=20250"},{"taxonomy":"product_tag","embeddable":true,"href":"https:\/\/silviafernandez.com\/fr\/wp-json\/wp\/v2\/product_tag?post=20250"}],"curies":[{"name":"wp","href":"https:\/\/api.w.org\/{rel}","templated":true}]}}