{"id":20238,"date":"2023-08-29T09:03:02","date_gmt":"2023-08-29T07:03:02","guid":{"rendered":"https:\/\/silviafernandez.com\/?post_type=product&#038;p=20238"},"modified":"2025-12-03T12:24:12","modified_gmt":"2025-12-03T11:24:12","slug":"mar","status":"publish","type":"product","link":"https:\/\/silviafernandez.com\/fr\/vestidos-de-novia\/mademoiselle\/mar\/","title":{"rendered":"Mar"},"content":{"rendered":"","protected":false},"excerpt":{"rendered":"<p>Mar est le nom de cette robe de mari\u00e9e simple et droite, r\u00e9alis\u00e9e en cr\u00eape, avec une encolure crois\u00e9e flatteuse et de longues manches bouffantes romantiques avec de charmantes finitions en tulle brod\u00e9.<\/p>\n<p>Sa superposition de mousseline de soie est con\u00e7ue pour que vous puissiez \u00e9galement mettre en valeur son spectaculaire dos ouvert encadr\u00e9 par le m\u00eame tulle brod\u00e9, sans sacrifier plus d'un look ou un maximum de confort.<\/p>","protected":false},"featured_media":20239,"template":"","meta":[],"product_brand":[],"product_cat":[671,20],"product_tag":[746],"class_list":{"0":"post-20238","1":"product","2":"type-product","3":"status-publish","4":"has-post-thumbnail","6":"product_cat-mademoiselle","7":"product_cat-vestidos-de-novia","8":"product_tag-mademoiselle","10":"first","11":"instock","12":"taxable","13":"shipping-taxable","14":"product-type-simple"},"_links":{"self":[{"href":"https:\/\/silviafernandez.com\/fr\/wp-json\/wp\/v2\/product\/20238","targetHints":{"allow":["GET"]}}],"collection":[{"href":"https:\/\/silviafernandez.com\/fr\/wp-json\/wp\/v2\/product"}],"about":[{"href":"https:\/\/silviafernandez.com\/fr\/wp-json\/wp\/v2\/types\/product"}],"wp:featuredmedia":[{"embeddable":true,"href":"https:\/\/silviafernandez.com\/fr\/wp-json\/wp\/v2\/media\/20239"}],"wp:attachment":[{"href":"https:\/\/silviafernandez.com\/fr\/wp-json\/wp\/v2\/media?parent=20238"}],"wp:term":[{"taxonomy":"product_brand","embeddable":true,"href":"https:\/\/silviafernandez.com\/fr\/wp-json\/wp\/v2\/product_brand?post=20238"},{"taxonomy":"product_cat","embeddable":true,"href":"https:\/\/silviafernandez.com\/fr\/wp-json\/wp\/v2\/product_cat?post=20238"},{"taxonomy":"product_tag","embeddable":true,"href":"https:\/\/silviafernandez.com\/fr\/wp-json\/wp\/v2\/product_tag?post=20238"}],"curies":[{"name":"wp","href":"https:\/\/api.w.org\/{rel}","templated":true}]}}