{"id":20232,"date":"2023-08-29T08:54:50","date_gmt":"2023-08-29T06:54:50","guid":{"rendered":"https:\/\/silviafernandez.com\/?post_type=product&#038;p=20232"},"modified":"2025-12-03T12:24:12","modified_gmt":"2025-12-03T11:24:12","slug":"manila","status":"publish","type":"product","link":"https:\/\/silviafernandez.com\/fr\/vestidos-de-novia\/mademoiselle\/manila\/","title":{"rendered":"Manila"},"content":{"rendered":"","protected":false},"excerpt":{"rendered":"<p>Notre mod\u00e8le Manila est une robe de mari\u00e9e simple qui vous flattera par sa coupe droite et sa ceinture sous le buste qui met en valeur la taille et le buste.<\/p>\n<p>R\u00e9alis\u00e9e en cr\u00eape, enti\u00e8rement lisse, avec une encolure en V, les principaux protagonistes sont ses manches bouffantes en taffetas, et sa longue cape d\u00e9tachable vous permettra de porter deux tenues le jour de votre mariage, en r\u00e9v\u00e9lant un dos ouvert assorti \u00e0 l'encolure frontale.<\/p>","protected":false},"featured_media":20234,"template":"","meta":[],"product_brand":[],"product_cat":[671,20],"product_tag":[746],"class_list":{"0":"post-20232","1":"product","2":"type-product","3":"status-publish","4":"has-post-thumbnail","6":"product_cat-mademoiselle","7":"product_cat-vestidos-de-novia","8":"product_tag-mademoiselle","10":"first","11":"instock","12":"taxable","13":"shipping-taxable","14":"product-type-simple"},"_links":{"self":[{"href":"https:\/\/silviafernandez.com\/fr\/wp-json\/wp\/v2\/product\/20232","targetHints":{"allow":["GET"]}}],"collection":[{"href":"https:\/\/silviafernandez.com\/fr\/wp-json\/wp\/v2\/product"}],"about":[{"href":"https:\/\/silviafernandez.com\/fr\/wp-json\/wp\/v2\/types\/product"}],"wp:featuredmedia":[{"embeddable":true,"href":"https:\/\/silviafernandez.com\/fr\/wp-json\/wp\/v2\/media\/20234"}],"wp:attachment":[{"href":"https:\/\/silviafernandez.com\/fr\/wp-json\/wp\/v2\/media?parent=20232"}],"wp:term":[{"taxonomy":"product_brand","embeddable":true,"href":"https:\/\/silviafernandez.com\/fr\/wp-json\/wp\/v2\/product_brand?post=20232"},{"taxonomy":"product_cat","embeddable":true,"href":"https:\/\/silviafernandez.com\/fr\/wp-json\/wp\/v2\/product_cat?post=20232"},{"taxonomy":"product_tag","embeddable":true,"href":"https:\/\/silviafernandez.com\/fr\/wp-json\/wp\/v2\/product_tag?post=20232"}],"curies":[{"name":"wp","href":"https:\/\/api.w.org\/{rel}","templated":true}]}}