{"id":20202,"date":"2023-08-29T08:26:13","date_gmt":"2023-08-29T06:26:13","guid":{"rendered":"https:\/\/silviafernandez.com\/?post_type=product&#038;p=20202"},"modified":"2025-12-03T12:24:12","modified_gmt":"2025-12-03T11:24:12","slug":"maja","status":"publish","type":"product","link":"https:\/\/silviafernandez.com\/fr\/vestidos-de-novia\/mademoiselle\/maja\/","title":{"rendered":"Maja"},"content":{"rendered":"","protected":false},"excerpt":{"rendered":"<p>Notre robe de mari\u00e9e Maja ravira les mari\u00e9es les plus romantiques. R\u00e9alis\u00e9e en mousseline de soie, sa jupe fendue tombe avec fluidit\u00e9 \u00e0 partir de la taille et combine diff\u00e9rents d\u00e9tails de tulle brod\u00e9 sur les poignets, l'ouverture et la taille, avec des d\u00e9collet\u00e9s en V, \u00e0 la fois dans le dos et sur le devant, montrant subtilement juste ce qu'il faut pour combiner sensualit\u00e9 et romantisme.<\/p>\n<p>Ses longues manches bouffantes en font l'alli\u00e9e parfaite d'un mariage d'automne ou de printemps.<\/p>","protected":false},"featured_media":20203,"template":"","meta":[],"product_brand":[],"product_cat":[671,20],"product_tag":[746],"class_list":{"0":"post-20202","1":"product","2":"type-product","3":"status-publish","4":"has-post-thumbnail","6":"product_cat-mademoiselle","7":"product_cat-vestidos-de-novia","8":"product_tag-mademoiselle","10":"first","11":"instock","12":"taxable","13":"shipping-taxable","14":"product-type-simple"},"_links":{"self":[{"href":"https:\/\/silviafernandez.com\/fr\/wp-json\/wp\/v2\/product\/20202","targetHints":{"allow":["GET"]}}],"collection":[{"href":"https:\/\/silviafernandez.com\/fr\/wp-json\/wp\/v2\/product"}],"about":[{"href":"https:\/\/silviafernandez.com\/fr\/wp-json\/wp\/v2\/types\/product"}],"wp:featuredmedia":[{"embeddable":true,"href":"https:\/\/silviafernandez.com\/fr\/wp-json\/wp\/v2\/media\/20203"}],"wp:attachment":[{"href":"https:\/\/silviafernandez.com\/fr\/wp-json\/wp\/v2\/media?parent=20202"}],"wp:term":[{"taxonomy":"product_brand","embeddable":true,"href":"https:\/\/silviafernandez.com\/fr\/wp-json\/wp\/v2\/product_brand?post=20202"},{"taxonomy":"product_cat","embeddable":true,"href":"https:\/\/silviafernandez.com\/fr\/wp-json\/wp\/v2\/product_cat?post=20202"},{"taxonomy":"product_tag","embeddable":true,"href":"https:\/\/silviafernandez.com\/fr\/wp-json\/wp\/v2\/product_tag?post=20202"}],"curies":[{"name":"wp","href":"https:\/\/api.w.org\/{rel}","templated":true}]}}