{"id":20196,"date":"2023-08-29T08:22:36","date_gmt":"2023-08-29T06:22:36","guid":{"rendered":"https:\/\/silviafernandez.com\/?post_type=product&#038;p=20196"},"modified":"2025-12-03T12:24:12","modified_gmt":"2025-12-03T11:24:12","slug":"madrid","status":"publish","type":"product","link":"https:\/\/silviafernandez.com\/fr\/vestidos-de-novia\/mademoiselle\/madrid\/","title":{"rendered":"Madrid"},"content":{"rendered":"","protected":false},"excerpt":{"rendered":"<p>Notre robe de mari\u00e9e Madrid est le choix parfait pour les mari\u00e9es modernes et audacieuses qui ne veulent pas renoncer au confort pour leur grand jour.<\/p>\n<p>Confectionn\u00e9e en cr\u00eape, sa coupe droite et sa jupe fendue vous donneront toute la mobilit\u00e9 n\u00e9cessaire pour profiter pleinement de votre mariage.<\/p>\n<p>Son encolure orn\u00e9e d'un maxi volant sur le devant et dans le dos attirera tous les regards, et sa ceinture en taffetas avec broche en perles ainsi que la patte de boutonnage qui orne l'ensemble de la jupe seront les d\u00e9tails qui compl\u00e8teront un look \u00e9l\u00e9gant et tendance.<\/p>","protected":false},"featured_media":20197,"template":"","meta":[],"product_brand":[],"product_cat":[671,20],"product_tag":[746],"class_list":{"0":"post-20196","1":"product","2":"type-product","3":"status-publish","4":"has-post-thumbnail","6":"product_cat-mademoiselle","7":"product_cat-vestidos-de-novia","8":"product_tag-mademoiselle","10":"first","11":"instock","12":"taxable","13":"shipping-taxable","14":"product-type-simple"},"_links":{"self":[{"href":"https:\/\/silviafernandez.com\/fr\/wp-json\/wp\/v2\/product\/20196","targetHints":{"allow":["GET"]}}],"collection":[{"href":"https:\/\/silviafernandez.com\/fr\/wp-json\/wp\/v2\/product"}],"about":[{"href":"https:\/\/silviafernandez.com\/fr\/wp-json\/wp\/v2\/types\/product"}],"wp:featuredmedia":[{"embeddable":true,"href":"https:\/\/silviafernandez.com\/fr\/wp-json\/wp\/v2\/media\/20197"}],"wp:attachment":[{"href":"https:\/\/silviafernandez.com\/fr\/wp-json\/wp\/v2\/media?parent=20196"}],"wp:term":[{"taxonomy":"product_brand","embeddable":true,"href":"https:\/\/silviafernandez.com\/fr\/wp-json\/wp\/v2\/product_brand?post=20196"},{"taxonomy":"product_cat","embeddable":true,"href":"https:\/\/silviafernandez.com\/fr\/wp-json\/wp\/v2\/product_cat?post=20196"},{"taxonomy":"product_tag","embeddable":true,"href":"https:\/\/silviafernandez.com\/fr\/wp-json\/wp\/v2\/product_tag?post=20196"}],"curies":[{"name":"wp","href":"https:\/\/api.w.org\/{rel}","templated":true}]}}