{"id":20180,"date":"2023-08-28T16:10:17","date_gmt":"2023-08-28T14:10:17","guid":{"rendered":"https:\/\/silviafernandez.com\/?post_type=product&#038;p=20180"},"modified":"2025-12-03T12:24:12","modified_gmt":"2025-12-03T11:24:12","slug":"macarena","status":"publish","type":"product","link":"https:\/\/silviafernandez.com\/fr\/vestidos-de-novia\/mademoiselle\/macarena\/","title":{"rendered":"Macarena"},"content":{"rendered":"","protected":false},"excerpt":{"rendered":"<p>Macarena est notre robe de mari\u00e9e parfaite pour les mari\u00e9es \u00e9l\u00e9gantes qui ne veulent pas renoncer \u00e0 \u00eatre sexy le jour de leur mariage.<\/p>\n<p>Confectionn\u00e9e en cr\u00eape lisse et l\u00e9g\u00e8rement ajust\u00e9e avec une encolure en V, elle pr\u00e9sente un dos ouvert spectaculaire, bord\u00e9 de cha\u00eenes dor\u00e9es, une surjupe amovible en organza d\u00e9coup\u00e9 et une fente lat\u00e9rale au niveau de la jupe pour plus de confort.<\/p>","protected":false},"featured_media":20182,"template":"","meta":[],"product_brand":[],"product_cat":[671,20],"product_tag":[746],"class_list":{"0":"post-20180","1":"product","2":"type-product","3":"status-publish","4":"has-post-thumbnail","6":"product_cat-mademoiselle","7":"product_cat-vestidos-de-novia","8":"product_tag-mademoiselle","10":"first","11":"instock","12":"taxable","13":"shipping-taxable","14":"product-type-simple"},"_links":{"self":[{"href":"https:\/\/silviafernandez.com\/fr\/wp-json\/wp\/v2\/product\/20180","targetHints":{"allow":["GET"]}}],"collection":[{"href":"https:\/\/silviafernandez.com\/fr\/wp-json\/wp\/v2\/product"}],"about":[{"href":"https:\/\/silviafernandez.com\/fr\/wp-json\/wp\/v2\/types\/product"}],"wp:featuredmedia":[{"embeddable":true,"href":"https:\/\/silviafernandez.com\/fr\/wp-json\/wp\/v2\/media\/20182"}],"wp:attachment":[{"href":"https:\/\/silviafernandez.com\/fr\/wp-json\/wp\/v2\/media?parent=20180"}],"wp:term":[{"taxonomy":"product_brand","embeddable":true,"href":"https:\/\/silviafernandez.com\/fr\/wp-json\/wp\/v2\/product_brand?post=20180"},{"taxonomy":"product_cat","embeddable":true,"href":"https:\/\/silviafernandez.com\/fr\/wp-json\/wp\/v2\/product_cat?post=20180"},{"taxonomy":"product_tag","embeddable":true,"href":"https:\/\/silviafernandez.com\/fr\/wp-json\/wp\/v2\/product_tag?post=20180"}],"curies":[{"name":"wp","href":"https:\/\/api.w.org\/{rel}","templated":true}]}}