{"id":20168,"date":"2023-08-28T13:37:25","date_gmt":"2023-08-28T11:37:25","guid":{"rendered":"https:\/\/silviafernandez.com\/?post_type=product&#038;p=20168"},"modified":"2025-12-03T12:24:12","modified_gmt":"2025-12-03T11:24:12","slug":"mabel","status":"publish","type":"product","link":"https:\/\/silviafernandez.com\/fr\/vestidos-de-novia\/mademoiselle\/mabel\/","title":{"rendered":"Mabel"},"content":{"rendered":"","protected":false},"excerpt":{"rendered":"<p>Notre robe de mari\u00e9e Mabel est le mod\u00e8le simple, mais avec une touche distinctive, qu'une mari\u00e9e moderne rechercherait pour son mariage.<\/p>\n<p>R\u00e9alis\u00e9e en cr\u00eape uni, avec une coupe droite et une encolure bateau, elle est ajust\u00e9e \u00e0 la taille juste assez pour accentuer subtilement la silhouette.<\/p>\n<p>Vous laisserez tout le monde bouche b\u00e9e avec son dos ouvert orn\u00e9 d'une fleur et de cha\u00eenes dor\u00e9es, et avec sa cape amovible en organza d\u00e9coup\u00e9e \u00e0 l'emporte-pi\u00e8ce.<\/p>","protected":false},"featured_media":20175,"template":"","meta":[],"product_brand":[],"product_cat":[671,20],"product_tag":[746],"class_list":{"0":"post-20168","1":"product","2":"type-product","3":"status-publish","4":"has-post-thumbnail","6":"product_cat-mademoiselle","7":"product_cat-vestidos-de-novia","8":"product_tag-mademoiselle","10":"first","11":"instock","12":"taxable","13":"shipping-taxable","14":"product-type-simple"},"_links":{"self":[{"href":"https:\/\/silviafernandez.com\/fr\/wp-json\/wp\/v2\/product\/20168","targetHints":{"allow":["GET"]}}],"collection":[{"href":"https:\/\/silviafernandez.com\/fr\/wp-json\/wp\/v2\/product"}],"about":[{"href":"https:\/\/silviafernandez.com\/fr\/wp-json\/wp\/v2\/types\/product"}],"wp:featuredmedia":[{"embeddable":true,"href":"https:\/\/silviafernandez.com\/fr\/wp-json\/wp\/v2\/media\/20175"}],"wp:attachment":[{"href":"https:\/\/silviafernandez.com\/fr\/wp-json\/wp\/v2\/media?parent=20168"}],"wp:term":[{"taxonomy":"product_brand","embeddable":true,"href":"https:\/\/silviafernandez.com\/fr\/wp-json\/wp\/v2\/product_brand?post=20168"},{"taxonomy":"product_cat","embeddable":true,"href":"https:\/\/silviafernandez.com\/fr\/wp-json\/wp\/v2\/product_cat?post=20168"},{"taxonomy":"product_tag","embeddable":true,"href":"https:\/\/silviafernandez.com\/fr\/wp-json\/wp\/v2\/product_tag?post=20168"}],"curies":[{"name":"wp","href":"https:\/\/api.w.org\/{rel}","templated":true}]}}