{"id":18488,"date":"2023-05-02T12:36:10","date_gmt":"2023-05-02T10:36:10","guid":{"rendered":"https:\/\/silviafernandez.com\/?post_type=product&#038;p=18488"},"modified":"2025-12-03T12:24:13","modified_gmt":"2025-12-03T11:24:13","slug":"marina","status":"publish","type":"product","link":"https:\/\/silviafernandez.com\/fr\/vestidos-de-novia\/mademoiselle\/marina\/","title":{"rendered":"Marina"},"content":{"rendered":"<p>Vestido perlas y caidas de tul<\/p>","protected":false},"excerpt":{"rendered":"<p>Notre mod\u00e8le Marina est une robe de mari\u00e9e sophistiqu\u00e9e et \u00e9l\u00e9gante, fabriqu\u00e9e dans un tissu tr\u00e8s sp\u00e9cial avec des perles, qui vous fera briller d'une mani\u00e8re unique. De coupe droite, avec un d\u00e9collet\u00e9 en V, sans manches, elle est dot\u00e9e d'une ceinture int\u00e9gr\u00e9e, au centre de laquelle se trouve \u00e9galement une boucle en perles. Le dos d\u00e9collet\u00e9 en V est magnifiquement encadr\u00e9 par deux chutes de tulle de chaque c\u00f4t\u00e9 qui se terminent par une longue tra\u00eene.<\/p>","protected":false},"featured_media":20560,"template":"","meta":[],"product_brand":[],"product_cat":[671,20],"product_tag":[746],"class_list":{"0":"post-18488","1":"product","2":"type-product","3":"status-publish","4":"has-post-thumbnail","6":"product_cat-mademoiselle","7":"product_cat-vestidos-de-novia","8":"product_tag-mademoiselle","10":"first","11":"instock","12":"taxable","13":"shipping-taxable","14":"product-type-simple"},"_links":{"self":[{"href":"https:\/\/silviafernandez.com\/fr\/wp-json\/wp\/v2\/product\/18488","targetHints":{"allow":["GET"]}}],"collection":[{"href":"https:\/\/silviafernandez.com\/fr\/wp-json\/wp\/v2\/product"}],"about":[{"href":"https:\/\/silviafernandez.com\/fr\/wp-json\/wp\/v2\/types\/product"}],"wp:featuredmedia":[{"embeddable":true,"href":"https:\/\/silviafernandez.com\/fr\/wp-json\/wp\/v2\/media\/20560"}],"wp:attachment":[{"href":"https:\/\/silviafernandez.com\/fr\/wp-json\/wp\/v2\/media?parent=18488"}],"wp:term":[{"taxonomy":"product_brand","embeddable":true,"href":"https:\/\/silviafernandez.com\/fr\/wp-json\/wp\/v2\/product_brand?post=18488"},{"taxonomy":"product_cat","embeddable":true,"href":"https:\/\/silviafernandez.com\/fr\/wp-json\/wp\/v2\/product_cat?post=18488"},{"taxonomy":"product_tag","embeddable":true,"href":"https:\/\/silviafernandez.com\/fr\/wp-json\/wp\/v2\/product_tag?post=18488"}],"curies":[{"name":"wp","href":"https:\/\/api.w.org\/{rel}","templated":true}]}}